{"id":71,"date":"2020-01-27T08:15:05","date_gmt":"2020-01-27T08:15:05","guid":{"rendered":"https:\/\/demosites.io\/web-agency-gb\/?page_id=71"},"modified":"2022-05-02T10:01:26","modified_gmt":"2022-05-02T10:01:26","slug":"15c42-web-agency-gb-portfolio-single","status":"publish","type":"page","link":"https:\/\/stadtteilfabrik.de\/?page_id=71","title":{"rendered":""},"content":{"rendered":"\n<div style=\"height:50px\" aria-hidden=\"true\" class=\"wp-block-spacer\"><\/div>\n\n\n\n<div class=\"wp-block-group\"><div class=\"wp-block-group__inner-container is-layout-flow wp-block-group-is-layout-flow\">\n<h2 class=\"has-neve-text-color-color has-text-color wp-block-heading\" id=\"luther-lab\">Makerspace Zollverein<\/h2>\n\n\n\n<p>Im Auftrag der Stiftung Zollverein veranstalteten wir 2018 und 2019 mehrere Workshops unter dem Titel &#8222;MakerSpace Zollverein&#8220;. Dabei wurde die Halle 10 auf dem Gel\u00e4nde des UNESCO Weltkulturerbes zu einer hochmodernen DIY-Werkstatt f\u00fcr die Nachbarschaft umfunktioniert. In der ehemaligen Produktionshalle schufen wir verschiedene Angebote. Das Projekt #zollvereinmittendrin der Stiftung Zollverein widmete sich der Identifikation und Auseinandersetzung der Nachbarschaft mit dem UNESCO-Welte Zeche Zollverein. <\/p>\n\n\n\n<div style=\"height:20px\" aria-hidden=\"true\" class=\"wp-block-spacer\"><\/div>\n<\/div><\/div>\n\n\n\n<div class=\"wp-block-columns are-vertically-aligned-center is-layout-flex wp-container-core-columns-is-layout-9d6595d7 wp-block-columns-is-layout-flex\">\n<div class=\"wp-block-column is-vertically-aligned-center is-layout-flow wp-block-column-is-layout-flow\" style=\"flex-basis:50%\">\n<figure class=\"wp-block-image size-large\"><img loading=\"lazy\" decoding=\"async\" width=\"1024\" height=\"1024\" src=\"https:\/\/stadtteilfabrik.de\/wp-content\/uploads\/2022\/02\/stf-zollverein-makerspace-3-1-1024x1024.png\" alt=\"\" class=\"wp-image-552\" srcset=\"https:\/\/stadtteilfabrik.de\/wp-content\/uploads\/2022\/02\/stf-zollverein-makerspace-3-1.png 1024w, https:\/\/stadtteilfabrik.de\/wp-content\/uploads\/2022\/02\/stf-zollverein-makerspace-3-1-300x300.png 300w, https:\/\/stadtteilfabrik.de\/wp-content\/uploads\/2022\/02\/stf-zollverein-makerspace-3-1-150x150.png 150w, https:\/\/stadtteilfabrik.de\/wp-content\/uploads\/2022\/02\/stf-zollverein-makerspace-3-1-768x768.png 768w\" sizes=\"auto, (max-width: 1024px) 100vw, 1024px\" \/><\/figure>\n<\/div>\n\n\n\n<div class=\"wp-block-column is-vertically-aligned-center is-layout-flow wp-block-column-is-layout-flow\" style=\"flex-basis:50%\">\n<figure class=\"wp-block-image size-large\"><img loading=\"lazy\" decoding=\"async\" width=\"1024\" height=\"1024\" src=\"https:\/\/stadtteilfabrik.de\/wp-content\/uploads\/2022\/03\/stf-zollverein-makerspace-4-1024x1024.png\" alt=\"\" class=\"wp-image-763\" srcset=\"https:\/\/stadtteilfabrik.de\/wp-content\/uploads\/2022\/03\/stf-zollverein-makerspace-4.png 1024w, https:\/\/stadtteilfabrik.de\/wp-content\/uploads\/2022\/03\/stf-zollverein-makerspace-4-300x300.png 300w, https:\/\/stadtteilfabrik.de\/wp-content\/uploads\/2022\/03\/stf-zollverein-makerspace-4-150x150.png 150w, https:\/\/stadtteilfabrik.de\/wp-content\/uploads\/2022\/03\/stf-zollverein-makerspace-4-768x768.png 768w\" sizes=\"auto, (max-width: 1024px) 100vw, 1024px\" \/><\/figure>\n<\/div>\n<\/div>\n\n\n\n<div class=\"wp-block-group\"><div class=\"wp-block-group__inner-container is-layout-flow wp-block-group-is-layout-flow\">\n<p><\/p>\n\n\n\n<p>Die Idee eines MakerSpaces ist es, mithilfe digitaler Produktionstechnik (bspw. eines 3D-Druckers) alle m\u00f6glichen Produkte selbst herstellen zu k\u00f6nnen. Die damit verbundene Demokratisierung von Produktion verdeutlich in besonderem Ma\u00dfe den Rollenwandel der Zeche Zollverein. Was fr\u00fcher eine hierarchische Massenproduktion hinter verschlossenen T\u00fcren war, wurde mit dem MakerSpace Zollverein zur kreativen, demokratischen Teilhabe der Nachbarschaft an dem Gel\u00e4nde. <\/p>\n\n\n\n<p><\/p>\n\n\n\n<div class=\"wp-block-columns is-layout-flex wp-container-core-columns-is-layout-9d6595d7 wp-block-columns-is-layout-flex\">\n<div class=\"wp-block-column is-layout-flow wp-block-column-is-layout-flow\">\n<figure class=\"wp-block-image size-large\"><img loading=\"lazy\" decoding=\"async\" width=\"1082\" height=\"1081\" src=\"https:\/\/stadtteilfabrik.de\/wp-content\/uploads\/2022\/04\/20190403-Maker-Space-ZV-FN-Sven-Lorenz_013-edited.jpg\" alt=\"\" class=\"wp-image-936\" srcset=\"https:\/\/stadtteilfabrik.de\/wp-content\/uploads\/2022\/04\/20190403-Maker-Space-ZV-FN-Sven-Lorenz_013-edited.jpg 1082w, https:\/\/stadtteilfabrik.de\/wp-content\/uploads\/2022\/04\/20190403-Maker-Space-ZV-FN-Sven-Lorenz_013-edited-300x300.jpg 300w, https:\/\/stadtteilfabrik.de\/wp-content\/uploads\/2022\/04\/20190403-Maker-Space-ZV-FN-Sven-Lorenz_013-edited-1024x1024.jpg 1024w, https:\/\/stadtteilfabrik.de\/wp-content\/uploads\/2022\/04\/20190403-Maker-Space-ZV-FN-Sven-Lorenz_013-edited-150x150.jpg 150w, https:\/\/stadtteilfabrik.de\/wp-content\/uploads\/2022\/04\/20190403-Maker-Space-ZV-FN-Sven-Lorenz_013-edited-768x767.jpg 768w\" sizes=\"auto, (max-width: 1082px) 100vw, 1082px\" \/><figcaption>MakerSpace &#8211;  Workshop #04 . 100 Jahre bauhaus\n04 April 2019\nZeche Zollverein | Schacht XII | Halle 10\nFoto: Sven Lorenz, Essen<\/figcaption><\/figure>\n<\/div>\n\n\n\n<div class=\"wp-block-column is-layout-flow wp-block-column-is-layout-flow\">\n<figure class=\"wp-block-image size-large\"><img loading=\"lazy\" decoding=\"async\" width=\"1024\" height=\"1022\" src=\"https:\/\/stadtteilfabrik.de\/wp-content\/uploads\/2022\/02\/IMG_7035-edited-1024x1022.jpg\" alt=\"\" class=\"wp-image-732\" srcset=\"https:\/\/stadtteilfabrik.de\/wp-content\/uploads\/2022\/02\/IMG_7035-edited-1024x1022.jpg 1024w, https:\/\/stadtteilfabrik.de\/wp-content\/uploads\/2022\/02\/IMG_7035-edited-300x300.jpg 300w, https:\/\/stadtteilfabrik.de\/wp-content\/uploads\/2022\/02\/IMG_7035-edited-150x150.jpg 150w, https:\/\/stadtteilfabrik.de\/wp-content\/uploads\/2022\/02\/IMG_7035-edited-768x767.jpg 768w, https:\/\/stadtteilfabrik.de\/wp-content\/uploads\/2022\/02\/IMG_7035-edited.jpg 1076w\" sizes=\"auto, (max-width: 1024px) 100vw, 1024px\" \/><figcaption>MakerSpace &#8211;  Workshop #04 . 100 Jahre bauhaus\n04 April 2019\nZeche Zollverein | Schacht XII | Halle 10\nFoto: Sven Lorenz, Essen<\/figcaption><\/figure>\n<\/div>\n<\/div>\n\n\n\n<p>Den Teilnehmenden wurden Methoden und Techniken aus dem Design Thinking, wie etwas das Bauen von Moodboards und MockUps, vermittelt. Se helfen dabei, eigene Ideen in wenig Zeit in ein erstes Objekt umzusetzen, dieses zu reflektieren und daraus neue Schl\u00fcsse zu ziehen.<\/p>\n\n\n\n<p><\/p>\n\n\n\n<div class=\"wp-block-columns is-layout-flex wp-container-core-columns-is-layout-9d6595d7 wp-block-columns-is-layout-flex\">\n<div class=\"wp-block-column is-layout-flow wp-block-column-is-layout-flow\">\n<figure class=\"wp-block-image size-large\"><img loading=\"lazy\" decoding=\"async\" width=\"1101\" height=\"1103\" src=\"https:\/\/stadtteilfabrik.de\/wp-content\/uploads\/2022\/04\/20190403-Maker-Space-ZV-FN-Sven-Lorenz_104-edited-1.jpg\" alt=\"\" class=\"wp-image-935\" srcset=\"https:\/\/stadtteilfabrik.de\/wp-content\/uploads\/2022\/04\/20190403-Maker-Space-ZV-FN-Sven-Lorenz_104-edited-1.jpg 1101w, https:\/\/stadtteilfabrik.de\/wp-content\/uploads\/2022\/04\/20190403-Maker-Space-ZV-FN-Sven-Lorenz_104-edited-1-300x300.jpg 300w, https:\/\/stadtteilfabrik.de\/wp-content\/uploads\/2022\/04\/20190403-Maker-Space-ZV-FN-Sven-Lorenz_104-edited-1-1022x1024.jpg 1022w, https:\/\/stadtteilfabrik.de\/wp-content\/uploads\/2022\/04\/20190403-Maker-Space-ZV-FN-Sven-Lorenz_104-edited-1-150x150.jpg 150w, https:\/\/stadtteilfabrik.de\/wp-content\/uploads\/2022\/04\/20190403-Maker-Space-ZV-FN-Sven-Lorenz_104-edited-1-768x769.jpg 768w\" sizes=\"auto, (max-width: 1101px) 100vw, 1101px\" \/><figcaption>MakerSpace &#8211;  Workshop #04 . 100 Jahre bauhaus\n04 April 2019\nZeche Zollverein | Schacht XII | Halle 10\nFoto: Sven Lorenz, Essen<\/figcaption><\/figure>\n<\/div>\n\n\n\n<div class=\"wp-block-column is-layout-flow wp-block-column-is-layout-flow\">\n<figure class=\"wp-block-image size-large\"><img loading=\"lazy\" decoding=\"async\" width=\"1079\" height=\"1078\" src=\"https:\/\/stadtteilfabrik.de\/wp-content\/uploads\/2022\/04\/20190403-Maker-Space-ZV-FN-Sven-Lorenz_107-edited.jpg\" alt=\"\" class=\"wp-image-934\" srcset=\"https:\/\/stadtteilfabrik.de\/wp-content\/uploads\/2022\/04\/20190403-Maker-Space-ZV-FN-Sven-Lorenz_107-edited.jpg 1079w, https:\/\/stadtteilfabrik.de\/wp-content\/uploads\/2022\/04\/20190403-Maker-Space-ZV-FN-Sven-Lorenz_107-edited-300x300.jpg 300w, https:\/\/stadtteilfabrik.de\/wp-content\/uploads\/2022\/04\/20190403-Maker-Space-ZV-FN-Sven-Lorenz_107-edited-1024x1024.jpg 1024w, https:\/\/stadtteilfabrik.de\/wp-content\/uploads\/2022\/04\/20190403-Maker-Space-ZV-FN-Sven-Lorenz_107-edited-150x150.jpg 150w, https:\/\/stadtteilfabrik.de\/wp-content\/uploads\/2022\/04\/20190403-Maker-Space-ZV-FN-Sven-Lorenz_107-edited-768x767.jpg 768w\" sizes=\"auto, (max-width: 1079px) 100vw, 1079px\" \/><figcaption>MakerSpace &#8211;  Workshop #04 . 100 Jahre bauhaus\n04 April 2019\nZeche Zollverein | Schacht XII | Halle 10\nFoto: Sven Lorenz, Essen<\/figcaption><\/figure>\n<\/div>\n<\/div>\n<\/div><\/div>\n\n\n\n<p><\/p>\n\n\n\n<p>Alle Teilnehmer:innen haben in 3 Tagen eigene M\u00f6bel entworfen und gebaut. <\/p>\n\n\n\n<p><\/p>\n\n\n\n<div class=\"wp-block-columns are-vertically-aligned-center is-layout-flex wp-container-core-columns-is-layout-9d6595d7 wp-block-columns-is-layout-flex\">\n<div class=\"wp-block-column is-vertically-aligned-center is-layout-flow wp-block-column-is-layout-flow\" style=\"flex-basis:50%\">\n<figure class=\"wp-block-image size-large\"><img loading=\"lazy\" decoding=\"async\" width=\"1083\" height=\"1085\" src=\"https:\/\/stadtteilfabrik.de\/wp-content\/uploads\/2022\/04\/20190429_Maker-Space-ZV-FN-Sven-Lorenz_056-edited.jpg\" alt=\"\" class=\"wp-image-932\" srcset=\"https:\/\/stadtteilfabrik.de\/wp-content\/uploads\/2022\/04\/20190429_Maker-Space-ZV-FN-Sven-Lorenz_056-edited.jpg 1083w, https:\/\/stadtteilfabrik.de\/wp-content\/uploads\/2022\/04\/20190429_Maker-Space-ZV-FN-Sven-Lorenz_056-edited-300x300.jpg 300w, https:\/\/stadtteilfabrik.de\/wp-content\/uploads\/2022\/04\/20190429_Maker-Space-ZV-FN-Sven-Lorenz_056-edited-1022x1024.jpg 1022w, https:\/\/stadtteilfabrik.de\/wp-content\/uploads\/2022\/04\/20190429_Maker-Space-ZV-FN-Sven-Lorenz_056-edited-150x150.jpg 150w, https:\/\/stadtteilfabrik.de\/wp-content\/uploads\/2022\/04\/20190429_Maker-Space-ZV-FN-Sven-Lorenz_056-edited-768x769.jpg 768w\" sizes=\"auto, (max-width: 1083px) 100vw, 1083px\" \/><figcaption>1 Jahr MakerSpace Zollverein &#8211; Eine Werkschau\nUNESCO-Welterbe Zollverein | Schacht XII | Halle 10\n27 April 2019\nFoto: Sven Lorenz | Essen<\/figcaption><\/figure>\n<\/div>\n\n\n\n<div class=\"wp-block-column is-vertically-aligned-center is-layout-flow wp-block-column-is-layout-flow\" style=\"flex-basis:50%\">\n<figure class=\"wp-block-image size-large\"><img loading=\"lazy\" decoding=\"async\" width=\"1024\" height=\"1024\" src=\"https:\/\/stadtteilfabrik.de\/wp-content\/uploads\/2022\/03\/stadtteilfabrik-makerspace-essen-zollverein-1024x1024.png\" alt=\"\" class=\"wp-image-765\" srcset=\"https:\/\/stadtteilfabrik.de\/wp-content\/uploads\/2022\/03\/stadtteilfabrik-makerspace-essen-zollverein-1024x1024.png 1024w, https:\/\/stadtteilfabrik.de\/wp-content\/uploads\/2022\/03\/stadtteilfabrik-makerspace-essen-zollverein-300x300.png 300w, https:\/\/stadtteilfabrik.de\/wp-content\/uploads\/2022\/03\/stadtteilfabrik-makerspace-essen-zollverein-150x150.png 150w, https:\/\/stadtteilfabrik.de\/wp-content\/uploads\/2022\/03\/stadtteilfabrik-makerspace-essen-zollverein-768x768.png 768w, https:\/\/stadtteilfabrik.de\/wp-content\/uploads\/2022\/03\/stadtteilfabrik-makerspace-essen-zollverein.png 1200w\" sizes=\"auto, (max-width: 1024px) 100vw, 1024px\" \/><figcaption>1 Jahr MakerSpace Zollverein &#8211; Eine Werkschau\nUNESCO-Welterbe Zollverein | Schacht XII | Halle 10\n27 April 2019\nFoto: Sven Lorenz | Essen<\/figcaption><\/figure>\n<\/div>\n<\/div>\n\n\n\n<div class=\"wp-block-group\"><div class=\"wp-block-group__inner-container is-layout-flow wp-block-group-is-layout-flow\">\n<div style=\"height:20px\" aria-hidden=\"true\" class=\"wp-block-spacer\"><\/div>\n<\/div><\/div>\n\n\n\n<p class=\"has-text-align-center\"><strong><a href=\"https:\/\/stadtteilfabrik.de\/?page_id=61\">Zur\u00fcck<\/a><\/strong><\/p>\n","protected":false},"excerpt":{"rendered":"<p>Makerspace Zollverein Im Auftrag der Stiftung Zollverein veranstalteten wir 2018 und 2019 mehrere Workshops unter dem Titel &#8222;MakerSpace Zollverein&#8220;. Dabei wurde die Halle 10 auf dem Gel\u00e4nde des UNESCO Weltkulturerbes zu einer hochmodernen DIY-Werkstatt f\u00fcr die Nachbarschaft umfunktioniert. In der ehemaligen Produktionshalle schufen wir verschiedene Angebote. Das Projekt #zollvereinmittendrin der Stiftung Zollverein widmete sich der&hellip;&nbsp;<a href=\"https:\/\/stadtteilfabrik.de\/?page_id=71\" rel=\"bookmark\">Weiterlesen &raquo;<span class=\"screen-reader-text\"><\/span><\/a><\/p>\n","protected":false},"author":1,"featured_media":0,"parent":0,"menu_order":0,"comment_status":"closed","ping_status":"closed","template":"","meta":{"neve_meta_sidebar":"default","neve_meta_container":"","neve_meta_enable_content_width":"on","neve_meta_content_width":100,"neve_meta_title_alignment":"","neve_meta_author_avatar":"","neve_post_elements_order":"","neve_meta_disable_header":"","neve_meta_disable_footer":"","neve_meta_disable_title":"on","footnotes":""},"class_list":["post-71","page","type-page","status-publish","hentry"],"_links":{"self":[{"href":"https:\/\/stadtteilfabrik.de\/index.php?rest_route=\/wp\/v2\/pages\/71","targetHints":{"allow":["GET"]}}],"collection":[{"href":"https:\/\/stadtteilfabrik.de\/index.php?rest_route=\/wp\/v2\/pages"}],"about":[{"href":"https:\/\/stadtteilfabrik.de\/index.php?rest_route=\/wp\/v2\/types\/page"}],"author":[{"embeddable":true,"href":"https:\/\/stadtteilfabrik.de\/index.php?rest_route=\/wp\/v2\/users\/1"}],"replies":[{"embeddable":true,"href":"https:\/\/stadtteilfabrik.de\/index.php?rest_route=%2Fwp%2Fv2%2Fcomments&post=71"}],"version-history":[{"count":18,"href":"https:\/\/stadtteilfabrik.de\/index.php?rest_route=\/wp\/v2\/pages\/71\/revisions"}],"predecessor-version":[{"id":995,"href":"https:\/\/stadtteilfabrik.de\/index.php?rest_route=\/wp\/v2\/pages\/71\/revisions\/995"}],"wp:attachment":[{"href":"https:\/\/stadtteilfabrik.de\/index.php?rest_route=%2Fwp%2Fv2%2Fmedia&parent=71"}],"curies":[{"name":"wp","href":"https:\/\/api.w.org\/{rel}","templated":true}]}}