{"id":695,"date":"2022-02-28T09:49:36","date_gmt":"2022-02-28T09:49:36","guid":{"rendered":"https:\/\/stadtteilfabrik.de\/?page_id=695"},"modified":"2022-05-02T10:03:22","modified_gmt":"2022-05-02T10:03:22","slug":"creative-lab-2","status":"publish","type":"page","link":"https:\/\/stadtteilfabrik.de\/?page_id=695","title":{"rendered":""},"content":{"rendered":"\n<div style=\"height:50px\" aria-hidden=\"true\" class=\"wp-block-spacer\"><\/div>\n\n\n\n<div class=\"wp-block-group\"><div class=\"wp-block-group__inner-container is-layout-flow wp-block-group-is-layout-flow\">\n<h2 class=\"has-neve-text-color-color has-text-color wp-block-heading\" id=\"luther-lab\">Gr\u00fcne Hauptstadt Europas 2017<\/h2>\n\n\n\n<div class=\"wp-block-columns are-vertically-aligned-center is-layout-flex wp-container-core-columns-is-layout-9d6595d7 wp-block-columns-is-layout-flex\">\n<div class=\"wp-block-column is-vertically-aligned-center is-layout-flow wp-block-column-is-layout-flow\" style=\"flex-basis:50%\">\n<figure class=\"wp-block-image size-large is-style-default\"><img loading=\"lazy\" decoding=\"async\" width=\"1024\" height=\"1024\" src=\"https:\/\/stadtteilfabrik.de\/wp-content\/uploads\/2022\/02\/stadtteilfabrik-eltingviertel-essen-vonovia-1024x1024.png\" alt=\"\" class=\"wp-image-710\" srcset=\"https:\/\/stadtteilfabrik.de\/wp-content\/uploads\/2022\/02\/stadtteilfabrik-eltingviertel-essen-vonovia-1024x1024.png 1024w, https:\/\/stadtteilfabrik.de\/wp-content\/uploads\/2022\/02\/stadtteilfabrik-eltingviertel-essen-vonovia-300x300.png 300w, https:\/\/stadtteilfabrik.de\/wp-content\/uploads\/2022\/02\/stadtteilfabrik-eltingviertel-essen-vonovia-150x150.png 150w, https:\/\/stadtteilfabrik.de\/wp-content\/uploads\/2022\/02\/stadtteilfabrik-eltingviertel-essen-vonovia-768x768.png 768w, https:\/\/stadtteilfabrik.de\/wp-content\/uploads\/2022\/02\/stadtteilfabrik-eltingviertel-essen-vonovia.png 1200w\" sizes=\"auto, (max-width: 1024px) 100vw, 1024px\" \/><\/figure>\n<\/div>\n\n\n\n<div class=\"wp-block-column is-vertically-aligned-center is-layout-flow wp-block-column-is-layout-flow\" style=\"flex-basis:50%\">\n<figure class=\"wp-block-image size-large\"><img loading=\"lazy\" decoding=\"async\" width=\"1024\" height=\"1024\" src=\"https:\/\/stadtteilfabrik.de\/wp-content\/uploads\/2022\/02\/stadtteilfabrik-gruene-hauptstadt-2017-1024x1024.png\" alt=\"\" class=\"wp-image-711\" srcset=\"https:\/\/stadtteilfabrik.de\/wp-content\/uploads\/2022\/02\/stadtteilfabrik-gruene-hauptstadt-2017-1024x1024.png 1024w, https:\/\/stadtteilfabrik.de\/wp-content\/uploads\/2022\/02\/stadtteilfabrik-gruene-hauptstadt-2017-300x300.png 300w, https:\/\/stadtteilfabrik.de\/wp-content\/uploads\/2022\/02\/stadtteilfabrik-gruene-hauptstadt-2017-150x150.png 150w, https:\/\/stadtteilfabrik.de\/wp-content\/uploads\/2022\/02\/stadtteilfabrik-gruene-hauptstadt-2017-768x768.png 768w, https:\/\/stadtteilfabrik.de\/wp-content\/uploads\/2022\/02\/stadtteilfabrik-gruene-hauptstadt-2017.png 1200w\" sizes=\"auto, (max-width: 1024px) 100vw, 1024px\" \/><\/figure>\n<\/div>\n<\/div>\n<\/div><\/div>\n\n\n\n<div class=\"wp-block-group\"><div class=\"wp-block-group__inner-container is-layout-flow wp-block-group-is-layout-flow\">\n<p>Die Stadt Essen wurde im Jahr 2017 Gr\u00fcne Hauptstadt Europas. In dieser Zeit haben wir unterschiedliche Projekte zur nachhaltigen Stadtgestaltung initiiert, beispielsweise im Eltingviertel. Daf\u00fcr haben wir im \u00f6ffentlichen Raum mehrere Interventionen konzipiert, um direkten Kontakt mit B\u00fcrgerinnen und B\u00fcrgern zu suchen. Dadurch konnten wir ihre Bed\u00fcrfnisse identifizieren und sie gleichzeitig motivieren, sich aktiv an der Gestaltung ihres eigenen Lebensumfeldes zu beteiligen.<\/p>\n\n\n\n<div style=\"height:20px\" aria-hidden=\"true\" class=\"wp-block-spacer\"><\/div>\n<\/div><\/div>\n\n\n\n<div class=\"wp-block-columns are-vertically-aligned-center is-layout-flex wp-container-core-columns-is-layout-9d6595d7 wp-block-columns-is-layout-flex\">\n<div class=\"wp-block-column is-vertically-aligned-center is-layout-flow wp-block-column-is-layout-flow\" style=\"flex-basis:50%\">\n<figure class=\"wp-block-image size-large\"><img loading=\"lazy\" decoding=\"async\" width=\"1024\" height=\"1024\" src=\"https:\/\/stadtteilfabrik.de\/wp-content\/uploads\/2022\/02\/stadtteilfabrik-gruene-hauptstadt-essen-1024x1024.png\" alt=\"\" class=\"wp-image-712\" srcset=\"https:\/\/stadtteilfabrik.de\/wp-content\/uploads\/2022\/02\/stadtteilfabrik-gruene-hauptstadt-essen-1024x1024.png 1024w, https:\/\/stadtteilfabrik.de\/wp-content\/uploads\/2022\/02\/stadtteilfabrik-gruene-hauptstadt-essen-300x300.png 300w, https:\/\/stadtteilfabrik.de\/wp-content\/uploads\/2022\/02\/stadtteilfabrik-gruene-hauptstadt-essen-150x150.png 150w, https:\/\/stadtteilfabrik.de\/wp-content\/uploads\/2022\/02\/stadtteilfabrik-gruene-hauptstadt-essen-768x768.png 768w, https:\/\/stadtteilfabrik.de\/wp-content\/uploads\/2022\/02\/stadtteilfabrik-gruene-hauptstadt-essen.png 1200w\" sizes=\"auto, (max-width: 1024px) 100vw, 1024px\" \/><\/figure>\n<\/div>\n\n\n\n<div class=\"wp-block-column is-vertically-aligned-center is-layout-flow wp-block-column-is-layout-flow\" style=\"flex-basis:50%\">\n<figure class=\"wp-block-image size-large\"><img loading=\"lazy\" decoding=\"async\" width=\"1024\" height=\"1024\" src=\"https:\/\/stadtteilfabrik.de\/wp-content\/uploads\/2022\/02\/stadtteilfabrik-essen-upcycling-1024x1024.png\" alt=\"\" class=\"wp-image-713\" srcset=\"https:\/\/stadtteilfabrik.de\/wp-content\/uploads\/2022\/02\/stadtteilfabrik-essen-upcycling-1024x1024.png 1024w, https:\/\/stadtteilfabrik.de\/wp-content\/uploads\/2022\/02\/stadtteilfabrik-essen-upcycling-300x300.png 300w, https:\/\/stadtteilfabrik.de\/wp-content\/uploads\/2022\/02\/stadtteilfabrik-essen-upcycling-150x150.png 150w, https:\/\/stadtteilfabrik.de\/wp-content\/uploads\/2022\/02\/stadtteilfabrik-essen-upcycling-768x768.png 768w, https:\/\/stadtteilfabrik.de\/wp-content\/uploads\/2022\/02\/stadtteilfabrik-essen-upcycling.png 1200w\" sizes=\"auto, (max-width: 1024px) 100vw, 1024px\" \/><\/figure>\n<\/div>\n<\/div>\n\n\n\n<div class=\"wp-block-group\"><div class=\"wp-block-group__inner-container is-layout-flow wp-block-group-is-layout-flow\">\n<p>In der &#8222;Gr\u00fcnen Oase Reckhammerweg&#8220;, die ebenfalls durch die Gr\u00fcne Hauptstadt entstand, nutzten wir alte M\u00f6belreste, um unterschiedlichste Sitzgelegenheiten zu schaffen. Diese entwickelten wir gemeinsam in einem Workshop mit den Nutzenden vor Ort. Im Fokus stand dabei das explorative Entwerfen und Umgestalten von alten Dingen im Hinblick auf Ressourcenschonung.<\/p>\n\n\n\n<div style=\"height:20px\" aria-hidden=\"true\" class=\"wp-block-spacer\"><\/div>\n<\/div><\/div>\n\n\n\n<div class=\"wp-block-columns are-vertically-aligned-center is-layout-flex wp-container-core-columns-is-layout-9d6595d7 wp-block-columns-is-layout-flex\">\n<div class=\"wp-block-column is-vertically-aligned-center is-layout-flow wp-block-column-is-layout-flow\" style=\"flex-basis:50%\">\n<figure class=\"wp-block-image size-large\"><img loading=\"lazy\" decoding=\"async\" width=\"1024\" height=\"1024\" src=\"https:\/\/stadtteilfabrik.de\/wp-content\/uploads\/2022\/02\/stadtteilfabrik-essen-gruene-hauptstadt-1024x1024.png\" alt=\"\" class=\"wp-image-714\" srcset=\"https:\/\/stadtteilfabrik.de\/wp-content\/uploads\/2022\/02\/stadtteilfabrik-essen-gruene-hauptstadt-1024x1024.png 1024w, https:\/\/stadtteilfabrik.de\/wp-content\/uploads\/2022\/02\/stadtteilfabrik-essen-gruene-hauptstadt-300x300.png 300w, https:\/\/stadtteilfabrik.de\/wp-content\/uploads\/2022\/02\/stadtteilfabrik-essen-gruene-hauptstadt-150x150.png 150w, https:\/\/stadtteilfabrik.de\/wp-content\/uploads\/2022\/02\/stadtteilfabrik-essen-gruene-hauptstadt-768x768.png 768w, https:\/\/stadtteilfabrik.de\/wp-content\/uploads\/2022\/02\/stadtteilfabrik-essen-gruene-hauptstadt-1536x1536.png 1536w, https:\/\/stadtteilfabrik.de\/wp-content\/uploads\/2022\/02\/stadtteilfabrik-essen-gruene-hauptstadt.png 1800w\" sizes=\"auto, (max-width: 1024px) 100vw, 1024px\" \/><\/figure>\n<\/div>\n\n\n\n<div class=\"wp-block-column is-vertically-aligned-center is-layout-flow wp-block-column-is-layout-flow\" style=\"flex-basis:50%\">\n<figure class=\"wp-block-image size-large\"><img loading=\"lazy\" decoding=\"async\" width=\"1024\" height=\"1024\" src=\"https:\/\/stadtteilfabrik.de\/wp-content\/uploads\/2022\/02\/stadtteilfabrik-ghe2017-essen-1024x1024.png\" alt=\"\" class=\"wp-image-715\" srcset=\"https:\/\/stadtteilfabrik.de\/wp-content\/uploads\/2022\/02\/stadtteilfabrik-ghe2017-essen-1024x1024.png 1024w, https:\/\/stadtteilfabrik.de\/wp-content\/uploads\/2022\/02\/stadtteilfabrik-ghe2017-essen-300x300.png 300w, https:\/\/stadtteilfabrik.de\/wp-content\/uploads\/2022\/02\/stadtteilfabrik-ghe2017-essen-150x150.png 150w, https:\/\/stadtteilfabrik.de\/wp-content\/uploads\/2022\/02\/stadtteilfabrik-ghe2017-essen-768x768.png 768w, https:\/\/stadtteilfabrik.de\/wp-content\/uploads\/2022\/02\/stadtteilfabrik-ghe2017-essen.png 1200w\" sizes=\"auto, (max-width: 1024px) 100vw, 1024px\" \/><\/figure>\n<\/div>\n<\/div>\n\n\n\n<div class=\"wp-block-group\"><div class=\"wp-block-group__inner-container is-layout-flow wp-block-group-is-layout-flow\">\n<p>In Altenessen beteiligten wir uns an der Vision einer autofreien Stadt. Hier zeigten wir M\u00f6glichkeiten der Umnutzung von Fl\u00e4chen auf und sprachen mit Anwohnerinnen und Anwohnern \u00fcber die Sustainable Development Goals der Vereinten Nationen. Mit den Eltinghockern als Best Practice kl\u00e4rten wir au\u00dferdem \u00fcber nachhaltige M\u00f6belproduktion auf.<\/p>\n\n\n\n<div style=\"height:20px\" aria-hidden=\"true\" class=\"wp-block-spacer\"><\/div>\n<\/div><\/div>\n\n\n\n<p class=\"has-text-align-center\"><strong><a href=\"https:\/\/stadtteilfabrik.de\/?page_id=61\">Zur\u00fcck<\/a><\/strong><\/p>\n","protected":false},"excerpt":{"rendered":"<p>Gr\u00fcne Hauptstadt Europas 2017 Die Stadt Essen wurde im Jahr 2017 Gr\u00fcne Hauptstadt Europas. In dieser Zeit haben wir unterschiedliche Projekte zur nachhaltigen Stadtgestaltung initiiert, beispielsweise im Eltingviertel. Daf\u00fcr haben wir im \u00f6ffentlichen Raum mehrere Interventionen konzipiert, um direkten Kontakt mit B\u00fcrgerinnen und B\u00fcrgern zu suchen. Dadurch konnten wir ihre Bed\u00fcrfnisse identifizieren und sie gleichzeitig&hellip;&nbsp;<a href=\"https:\/\/stadtteilfabrik.de\/?page_id=695\" rel=\"bookmark\">Weiterlesen &raquo;<span class=\"screen-reader-text\"><\/span><\/a><\/p>\n","protected":false},"author":1,"featured_media":0,"parent":0,"menu_order":0,"comment_status":"closed","ping_status":"closed","template":"","meta":{"neve_meta_sidebar":"","neve_meta_container":"","neve_meta_enable_content_width":"","neve_meta_content_width":0,"neve_meta_title_alignment":"","neve_meta_author_avatar":"","neve_post_elements_order":"","neve_meta_disable_header":"off","neve_meta_disable_footer":"","neve_meta_disable_title":"","footnotes":""},"class_list":["post-695","page","type-page","status-publish","hentry"],"_links":{"self":[{"href":"https:\/\/stadtteilfabrik.de\/index.php?rest_route=\/wp\/v2\/pages\/695","targetHints":{"allow":["GET"]}}],"collection":[{"href":"https:\/\/stadtteilfabrik.de\/index.php?rest_route=\/wp\/v2\/pages"}],"about":[{"href":"https:\/\/stadtteilfabrik.de\/index.php?rest_route=\/wp\/v2\/types\/page"}],"author":[{"embeddable":true,"href":"https:\/\/stadtteilfabrik.de\/index.php?rest_route=\/wp\/v2\/users\/1"}],"replies":[{"embeddable":true,"href":"https:\/\/stadtteilfabrik.de\/index.php?rest_route=%2Fwp%2Fv2%2Fcomments&post=695"}],"version-history":[{"count":11,"href":"https:\/\/stadtteilfabrik.de\/index.php?rest_route=\/wp\/v2\/pages\/695\/revisions"}],"predecessor-version":[{"id":998,"href":"https:\/\/stadtteilfabrik.de\/index.php?rest_route=\/wp\/v2\/pages\/695\/revisions\/998"}],"wp:attachment":[{"href":"https:\/\/stadtteilfabrik.de\/index.php?rest_route=%2Fwp%2Fv2%2Fmedia&parent=695"}],"curies":[{"name":"wp","href":"https:\/\/api.w.org\/{rel}","templated":true}]}}