{"id":504,"date":"2022-02-20T13:27:01","date_gmt":"2022-02-20T13:27:01","guid":{"rendered":"https:\/\/stadtteilfabrik.de\/?page_id=504"},"modified":"2022-05-02T10:04:20","modified_gmt":"2022-05-02T10:04:20","slug":"luther-lab","status":"publish","type":"page","link":"https:\/\/stadtteilfabrik.de\/?page_id=504","title":{"rendered":""},"content":{"rendered":"\n<div style=\"height:50px\" aria-hidden=\"true\" class=\"wp-block-spacer\"><\/div>\n\n\n\n<div class=\"wp-block-group\"><div class=\"wp-block-group__inner-container is-layout-flow wp-block-group-is-layout-flow\">\n<h2 class=\"has-neve-text-color-color has-text-color wp-block-heading\" id=\"luther-lab\">Luther Lab Bochum<\/h2>\n\n\n\n<div class=\"wp-block-columns are-vertically-aligned-center is-layout-flex wp-container-core-columns-is-layout-9d6595d7 wp-block-columns-is-layout-flex\">\n<div class=\"wp-block-column is-vertically-aligned-center is-layout-flow wp-block-column-is-layout-flow\" style=\"flex-basis:50%\">\n<figure class=\"wp-block-image size-large is-style-default\"><img loading=\"lazy\" decoding=\"async\" width=\"1024\" height=\"1024\" src=\"https:\/\/stadtteilfabrik.de\/wp-content\/uploads\/2022\/02\/stadtteilfabrik-lutherlab-urbane-produktion-1024x1024.png\" alt=\"\" class=\"wp-image-699\" srcset=\"https:\/\/stadtteilfabrik.de\/wp-content\/uploads\/2022\/02\/stadtteilfabrik-lutherlab-urbane-produktion-1024x1024.png 1024w, https:\/\/stadtteilfabrik.de\/wp-content\/uploads\/2022\/02\/stadtteilfabrik-lutherlab-urbane-produktion-300x300.png 300w, https:\/\/stadtteilfabrik.de\/wp-content\/uploads\/2022\/02\/stadtteilfabrik-lutherlab-urbane-produktion-150x150.png 150w, https:\/\/stadtteilfabrik.de\/wp-content\/uploads\/2022\/02\/stadtteilfabrik-lutherlab-urbane-produktion-768x768.png 768w, https:\/\/stadtteilfabrik.de\/wp-content\/uploads\/2022\/02\/stadtteilfabrik-lutherlab-urbane-produktion.png 1200w\" sizes=\"auto, (max-width: 1024px) 100vw, 1024px\" \/><\/figure>\n<\/div>\n\n\n\n<div class=\"wp-block-column is-vertically-aligned-center is-layout-flow wp-block-column-is-layout-flow\" style=\"flex-basis:50%\">\n<figure class=\"wp-block-image size-large\"><img loading=\"lazy\" decoding=\"async\" width=\"1024\" height=\"1024\" src=\"https:\/\/stadtteilfabrik.de\/wp-content\/uploads\/2022\/02\/stadtteilfabrik-lutherlab-bochum-langendreer-1024x1024.png\" alt=\"\" class=\"wp-image-701\" srcset=\"https:\/\/stadtteilfabrik.de\/wp-content\/uploads\/2022\/02\/stadtteilfabrik-lutherlab-bochum-langendreer-1024x1024.png 1024w, https:\/\/stadtteilfabrik.de\/wp-content\/uploads\/2022\/02\/stadtteilfabrik-lutherlab-bochum-langendreer-300x300.png 300w, https:\/\/stadtteilfabrik.de\/wp-content\/uploads\/2022\/02\/stadtteilfabrik-lutherlab-bochum-langendreer-150x150.png 150w, https:\/\/stadtteilfabrik.de\/wp-content\/uploads\/2022\/02\/stadtteilfabrik-lutherlab-bochum-langendreer-768x768.png 768w, https:\/\/stadtteilfabrik.de\/wp-content\/uploads\/2022\/02\/stadtteilfabrik-lutherlab-bochum-langendreer.png 1200w\" sizes=\"auto, (max-width: 1024px) 100vw, 1024px\" \/><\/figure>\n<\/div>\n<\/div>\n<\/div><\/div>\n\n\n\n<div class=\"wp-block-group\"><div class=\"wp-block-group__inner-container is-layout-flow wp-block-group-is-layout-flow\">\n<p>In Kooperation mit dem Institut f\u00fcr Arbeit und Technik und dem dortmunder Verein &#8222;Die Urbanisten&#8220; gestalteten wir im Herbst 2017 die entweihte Lutherkirche in Bochum Langendreer um. Die Umnutzung von Leerst\u00e4nden im urbanen Raum ist ein wesentliches Thema in der nachhaltigen Stadtgestaltung. In diesem Fall wurde ein besonderer Fokus auf die Wiedereinkehr von Produktion in den Stadtteil gelegt.<\/p>\n\n\n\n<div style=\"height:20px\" aria-hidden=\"true\" class=\"wp-block-spacer\"><\/div>\n<\/div><\/div>\n\n\n\n<div class=\"wp-block-columns are-vertically-aligned-center is-layout-flex wp-container-core-columns-is-layout-9d6595d7 wp-block-columns-is-layout-flex\">\n<div class=\"wp-block-column is-vertically-aligned-center is-layout-flow wp-block-column-is-layout-flow\" style=\"flex-basis:50%\">\n<figure class=\"wp-block-image size-large\"><img loading=\"lazy\" decoding=\"async\" width=\"1024\" height=\"1024\" src=\"https:\/\/stadtteilfabrik.de\/wp-content\/uploads\/2022\/02\/stadtteilfabrik-kirche-langendreer-1024x1024.png\" alt=\"\" class=\"wp-image-702\" srcset=\"https:\/\/stadtteilfabrik.de\/wp-content\/uploads\/2022\/02\/stadtteilfabrik-kirche-langendreer-1024x1024.png 1024w, https:\/\/stadtteilfabrik.de\/wp-content\/uploads\/2022\/02\/stadtteilfabrik-kirche-langendreer-300x300.png 300w, https:\/\/stadtteilfabrik.de\/wp-content\/uploads\/2022\/02\/stadtteilfabrik-kirche-langendreer-150x150.png 150w, https:\/\/stadtteilfabrik.de\/wp-content\/uploads\/2022\/02\/stadtteilfabrik-kirche-langendreer-768x768.png 768w, https:\/\/stadtteilfabrik.de\/wp-content\/uploads\/2022\/02\/stadtteilfabrik-kirche-langendreer.png 1200w\" sizes=\"auto, (max-width: 1024px) 100vw, 1024px\" \/><\/figure>\n<\/div>\n\n\n\n<div class=\"wp-block-column is-vertically-aligned-center is-layout-flow wp-block-column-is-layout-flow\" style=\"flex-basis:50%\">\n<figure class=\"wp-block-image size-large\"><img loading=\"lazy\" decoding=\"async\" width=\"1024\" height=\"1024\" src=\"https:\/\/stadtteilfabrik.de\/wp-content\/uploads\/2022\/02\/stadtteilfabrik-iat-gelsenkrichen-lutherlab-1024x1024.png\" alt=\"\" class=\"wp-image-703\" srcset=\"https:\/\/stadtteilfabrik.de\/wp-content\/uploads\/2022\/02\/stadtteilfabrik-iat-gelsenkrichen-lutherlab-1024x1024.png 1024w, https:\/\/stadtteilfabrik.de\/wp-content\/uploads\/2022\/02\/stadtteilfabrik-iat-gelsenkrichen-lutherlab-300x300.png 300w, https:\/\/stadtteilfabrik.de\/wp-content\/uploads\/2022\/02\/stadtteilfabrik-iat-gelsenkrichen-lutherlab-150x150.png 150w, https:\/\/stadtteilfabrik.de\/wp-content\/uploads\/2022\/02\/stadtteilfabrik-iat-gelsenkrichen-lutherlab-768x768.png 768w, https:\/\/stadtteilfabrik.de\/wp-content\/uploads\/2022\/02\/stadtteilfabrik-iat-gelsenkrichen-lutherlab.png 1200w\" sizes=\"auto, (max-width: 1024px) 100vw, 1024px\" \/><\/figure>\n<\/div>\n<\/div>\n\n\n\n<div class=\"wp-block-group\"><div class=\"wp-block-group__inner-container is-layout-flow wp-block-group-is-layout-flow\">\n<p>Gemeinsam mit unseren Projektpartnern zeigten wir im Rahmen eines Festivals der urbanen Produktion, welche M\u00f6glichkeiten Ans\u00e4tze wie Aquaponik, 3D-Druck oder DIY f\u00fcr ein nachhaltiges Miteinander in der Stadt bieten k\u00f6nnen. <\/p>\n\n\n\n<div style=\"height:20px\" aria-hidden=\"true\" class=\"wp-block-spacer\"><\/div>\n<\/div><\/div>\n\n\n\n<p class=\"has-text-align-center\"><strong><a href=\"https:\/\/stadtteilfabrik.de\/?page_id=61\">Zur\u00fcck<\/a><\/strong><\/p>\n","protected":false},"excerpt":{"rendered":"<p>Luther Lab Bochum In Kooperation mit dem Institut f\u00fcr Arbeit und Technik und dem dortmunder Verein &#8222;Die Urbanisten&#8220; gestalteten wir im Herbst 2017 die entweihte Lutherkirche in Bochum Langendreer um. Die Umnutzung von Leerst\u00e4nden im urbanen Raum ist ein wesentliches Thema in der nachhaltigen Stadtgestaltung. In diesem Fall wurde ein besonderer Fokus auf die Wiedereinkehr&hellip;&nbsp;<a href=\"https:\/\/stadtteilfabrik.de\/?page_id=504\" rel=\"bookmark\">Weiterlesen &raquo;<span class=\"screen-reader-text\"><\/span><\/a><\/p>\n","protected":false},"author":1,"featured_media":0,"parent":0,"menu_order":0,"comment_status":"closed","ping_status":"closed","template":"","meta":{"neve_meta_sidebar":"","neve_meta_container":"","neve_meta_enable_content_width":"","neve_meta_content_width":0,"neve_meta_title_alignment":"","neve_meta_author_avatar":"","neve_post_elements_order":"","neve_meta_disable_header":"","neve_meta_disable_footer":"","neve_meta_disable_title":"","footnotes":""},"class_list":["post-504","page","type-page","status-publish","hentry"],"_links":{"self":[{"href":"https:\/\/stadtteilfabrik.de\/index.php?rest_route=\/wp\/v2\/pages\/504","targetHints":{"allow":["GET"]}}],"collection":[{"href":"https:\/\/stadtteilfabrik.de\/index.php?rest_route=\/wp\/v2\/pages"}],"about":[{"href":"https:\/\/stadtteilfabrik.de\/index.php?rest_route=\/wp\/v2\/types\/page"}],"author":[{"embeddable":true,"href":"https:\/\/stadtteilfabrik.de\/index.php?rest_route=\/wp\/v2\/users\/1"}],"replies":[{"embeddable":true,"href":"https:\/\/stadtteilfabrik.de\/index.php?rest_route=%2Fwp%2Fv2%2Fcomments&post=504"}],"version-history":[{"count":11,"href":"https:\/\/stadtteilfabrik.de\/index.php?rest_route=\/wp\/v2\/pages\/504\/revisions"}],"predecessor-version":[{"id":1000,"href":"https:\/\/stadtteilfabrik.de\/index.php?rest_route=\/wp\/v2\/pages\/504\/revisions\/1000"}],"wp:attachment":[{"href":"https:\/\/stadtteilfabrik.de\/index.php?rest_route=%2Fwp%2Fv2%2Fmedia&parent=504"}],"curies":[{"name":"wp","href":"https:\/\/api.w.org\/{rel}","templated":true}]}}