{"id":499,"date":"2022-02-20T13:25:26","date_gmt":"2022-02-20T13:25:26","guid":{"rendered":"https:\/\/stadtteilfabrik.de\/?page_id=499"},"modified":"2022-05-02T10:17:08","modified_gmt":"2022-05-02T10:17:08","slug":"stadtteilfabrik-lokal","status":"publish","type":"page","link":"https:\/\/stadtteilfabrik.de\/?page_id=499","title":{"rendered":""},"content":{"rendered":"\n<div style=\"height:50px\" aria-hidden=\"true\" class=\"wp-block-spacer\"><\/div>\n\n\n\n<div class=\"wp-block-group\"><div class=\"wp-block-group__inner-container is-layout-flow wp-block-group-is-layout-flow\">\n<h2 class=\"wp-block-heading\">Stadtteilfabrik Ladenlokal<\/h2>\n\n\n\n<p>Wir sind davon \u00fcberzeugt, dass sich unser Konsumverhalten nachhaltig \u00e4ndern muss und wir neue, umweltfreundliche Produktions- und Produktformen brauchen. Am besten Mitten in der Stadt. Um zu untersuchen und zu zeigen, wie das am besten funktioniert, haben wir 2019 ein eigenes Ladenlokal in der Essener Innenstadt er\u00f6ffnet.<\/p>\n\n\n\n<div class=\"wp-block-columns are-vertically-aligned-center is-layout-flex wp-container-core-columns-is-layout-9d6595d7 wp-block-columns-is-layout-flex\">\n<div class=\"wp-block-column is-vertically-aligned-center is-layout-flow wp-block-column-is-layout-flow\" style=\"flex-basis:50%\">\n<figure class=\"wp-block-image size-large\"><img loading=\"lazy\" decoding=\"async\" width=\"1024\" height=\"1024\" src=\"https:\/\/stadtteilfabrik.de\/wp-content\/uploads\/2022\/02\/G4A9950-1-edited-1024x1024.jpg\" alt=\"\" class=\"wp-image-521\" srcset=\"https:\/\/stadtteilfabrik.de\/wp-content\/uploads\/2022\/02\/G4A9950-1-edited-1024x1024.jpg 1024w, https:\/\/stadtteilfabrik.de\/wp-content\/uploads\/2022\/02\/G4A9950-1-edited-300x300.jpg 300w, https:\/\/stadtteilfabrik.de\/wp-content\/uploads\/2022\/02\/G4A9950-1-edited-150x150.jpg 150w, https:\/\/stadtteilfabrik.de\/wp-content\/uploads\/2022\/02\/G4A9950-1-edited-768x768.jpg 768w, https:\/\/stadtteilfabrik.de\/wp-content\/uploads\/2022\/02\/G4A9950-1-edited-1536x1536.jpg 1536w, https:\/\/stadtteilfabrik.de\/wp-content\/uploads\/2022\/02\/G4A9950-1-edited-2048x2048.jpg 2048w\" sizes=\"auto, (max-width: 1024px) 100vw, 1024px\" \/><\/figure>\n<\/div>\n\n\n\n<div class=\"wp-block-column is-vertically-aligned-center is-layout-flow wp-block-column-is-layout-flow\" style=\"flex-basis:50%\">\n<figure class=\"wp-block-image size-large\"><img loading=\"lazy\" decoding=\"async\" width=\"2359\" height=\"2361\" src=\"https:\/\/stadtteilfabrik.de\/wp-content\/uploads\/2022\/02\/G4A9958-edited.jpg\" alt=\"\" class=\"wp-image-522\" srcset=\"https:\/\/stadtteilfabrik.de\/wp-content\/uploads\/2022\/02\/G4A9958-edited.jpg 2359w, https:\/\/stadtteilfabrik.de\/wp-content\/uploads\/2022\/02\/G4A9958-edited-300x300.jpg 300w, https:\/\/stadtteilfabrik.de\/wp-content\/uploads\/2022\/02\/G4A9958-edited-1024x1024.jpg 1024w, https:\/\/stadtteilfabrik.de\/wp-content\/uploads\/2022\/02\/G4A9958-edited-150x150.jpg 150w, https:\/\/stadtteilfabrik.de\/wp-content\/uploads\/2022\/02\/G4A9958-edited-768x769.jpg 768w, https:\/\/stadtteilfabrik.de\/wp-content\/uploads\/2022\/02\/G4A9958-edited-1536x1536.jpg 1536w, https:\/\/stadtteilfabrik.de\/wp-content\/uploads\/2022\/02\/G4A9958-edited-2046x2048.jpg 2046w\" sizes=\"auto, (max-width: 2359px) 100vw, 2359px\" \/><\/figure>\n<\/div>\n<\/div>\n<\/div><\/div>\n\n\n\n<p>Mit unserer POP UP Werkstatt in der Kreuzeskirchstra\u00dfe haben wir einen Ort f\u00fcr Transformation durch Design  geschaffen. Hier gab es Platz, Werkzeuge und Leute, um gemeinsam an nachhaltigen Projekten zu arbeiten. <\/p>\n\n\n\n<div class=\"wp-block-group\"><div class=\"wp-block-group__inner-container is-layout-flow wp-block-group-is-layout-flow\">\n<div class=\"wp-block-group\"><div class=\"wp-block-group__inner-container is-layout-flow wp-block-group-is-layout-flow\">\n<figure class=\"wp-block-gallery has-nested-images columns-default is-cropped wp-block-gallery-1 is-layout-flex wp-block-gallery-is-layout-flex\">\n<figure class=\"wp-block-image size-large\"><img loading=\"lazy\" decoding=\"async\" width=\"2359\" height=\"2357\" data-id=\"641\" src=\"https:\/\/stadtteilfabrik.de\/wp-content\/uploads\/2022\/02\/G4A9949-edited-1.jpg\" alt=\"\" class=\"wp-image-641\" srcset=\"https:\/\/stadtteilfabrik.de\/wp-content\/uploads\/2022\/02\/G4A9949-edited-1.jpg 2359w, https:\/\/stadtteilfabrik.de\/wp-content\/uploads\/2022\/02\/G4A9949-edited-1-300x300.jpg 300w, https:\/\/stadtteilfabrik.de\/wp-content\/uploads\/2022\/02\/G4A9949-edited-1-1024x1024.jpg 1024w, https:\/\/stadtteilfabrik.de\/wp-content\/uploads\/2022\/02\/G4A9949-edited-1-150x150.jpg 150w, https:\/\/stadtteilfabrik.de\/wp-content\/uploads\/2022\/02\/G4A9949-edited-1-768x767.jpg 768w, https:\/\/stadtteilfabrik.de\/wp-content\/uploads\/2022\/02\/G4A9949-edited-1-1536x1536.jpg 1536w, https:\/\/stadtteilfabrik.de\/wp-content\/uploads\/2022\/02\/G4A9949-edited-1-2048x2046.jpg 2048w\" sizes=\"auto, (max-width: 2359px) 100vw, 2359px\" \/><\/figure>\n<\/figure>\n<\/div><\/div>\n<\/div><\/div>\n\n\n\n<p>Mit 14 Werkb\u00e4nken, 3D Druckern, CNC-Fr\u00e4sen und Handwerkzeug konnten eigene Projekte se\u00f6bstst\u00e4ndig verwirklicht werden. F\u00fcr das n\u00f6tige Know-How konzipierten wir Workshops, in denen der Umgang mit allen n\u00f6tigen Tools und Maschinen erprobt werden konnte.<\/p>\n\n\n\n<div class=\"wp-block-columns is-layout-flex wp-container-core-columns-is-layout-9d6595d7 wp-block-columns-is-layout-flex\">\n<div class=\"wp-block-column is-vertically-aligned-center is-layout-flow wp-block-column-is-layout-flow\" style=\"flex-basis:50%\">\n<figure class=\"wp-block-gallery has-nested-images columns-default is-cropped wp-block-gallery-2 is-layout-flex wp-block-gallery-is-layout-flex\">\n<figure class=\"wp-block-image size-large\"><img loading=\"lazy\" decoding=\"async\" width=\"2359\" height=\"2357\" data-id=\"525\" src=\"https:\/\/stadtteilfabrik.de\/wp-content\/uploads\/2022\/02\/G4A9953-edited.jpg\" alt=\"\" class=\"wp-image-525\" srcset=\"https:\/\/stadtteilfabrik.de\/wp-content\/uploads\/2022\/02\/G4A9953-edited.jpg 2359w, https:\/\/stadtteilfabrik.de\/wp-content\/uploads\/2022\/02\/G4A9953-edited-300x300.jpg 300w, https:\/\/stadtteilfabrik.de\/wp-content\/uploads\/2022\/02\/G4A9953-edited-1024x1024.jpg 1024w, https:\/\/stadtteilfabrik.de\/wp-content\/uploads\/2022\/02\/G4A9953-edited-150x150.jpg 150w, https:\/\/stadtteilfabrik.de\/wp-content\/uploads\/2022\/02\/G4A9953-edited-768x767.jpg 768w, https:\/\/stadtteilfabrik.de\/wp-content\/uploads\/2022\/02\/G4A9953-edited-1536x1536.jpg 1536w, https:\/\/stadtteilfabrik.de\/wp-content\/uploads\/2022\/02\/G4A9953-edited-2048x2046.jpg 2048w\" sizes=\"auto, (max-width: 2359px) 100vw, 2359px\" \/><\/figure>\n<\/figure>\n<\/div>\n\n\n\n<div class=\"wp-block-column is-vertically-aligned-center is-layout-flow wp-block-column-is-layout-flow\" style=\"flex-basis:50%\">\n<figure class=\"wp-block-gallery has-nested-images columns-default is-cropped wp-block-gallery-3 is-layout-flex wp-block-gallery-is-layout-flex\">\n<figure class=\"wp-block-image size-large\"><img loading=\"lazy\" decoding=\"async\" width=\"2359\" height=\"2357\" data-id=\"523\" src=\"https:\/\/stadtteilfabrik.de\/wp-content\/uploads\/2022\/02\/G4A9977-edited.jpg\" alt=\"\" class=\"wp-image-523\" srcset=\"https:\/\/stadtteilfabrik.de\/wp-content\/uploads\/2022\/02\/G4A9977-edited.jpg 2359w, https:\/\/stadtteilfabrik.de\/wp-content\/uploads\/2022\/02\/G4A9977-edited-300x300.jpg 300w, https:\/\/stadtteilfabrik.de\/wp-content\/uploads\/2022\/02\/G4A9977-edited-1024x1024.jpg 1024w, https:\/\/stadtteilfabrik.de\/wp-content\/uploads\/2022\/02\/G4A9977-edited-150x150.jpg 150w, https:\/\/stadtteilfabrik.de\/wp-content\/uploads\/2022\/02\/G4A9977-edited-768x767.jpg 768w, https:\/\/stadtteilfabrik.de\/wp-content\/uploads\/2022\/02\/G4A9977-edited-1536x1536.jpg 1536w, https:\/\/stadtteilfabrik.de\/wp-content\/uploads\/2022\/02\/G4A9977-edited-2048x2046.jpg 2048w\" sizes=\"auto, (max-width: 2359px) 100vw, 2359px\" \/><\/figure>\n<\/figure>\n<\/div>\n<\/div>\n\n\n\n<p>Werkstatt, Ladenlokal, Atelier und Freiraum in einem. So l\u00e4sst sich unser POP UP Projekt am besten beschreiben. In unmittelbarer N\u00e4he zur Viehofer Stra\u00dfe konnte nachhaltige, urbane Produktion mitten in der Essener Innenstadt erfolgen.<\/p>\n\n\n\n<div class=\"wp-block-columns is-layout-flex wp-container-core-columns-is-layout-9d6595d7 wp-block-columns-is-layout-flex\">\n<div class=\"wp-block-column is-layout-flow wp-block-column-is-layout-flow\" style=\"flex-basis:50%\">\n<figure class=\"wp-block-gallery has-nested-images columns-default is-cropped wp-block-gallery-4 is-layout-flex wp-block-gallery-is-layout-flex\">\n<figure class=\"wp-block-image size-large\"><img loading=\"lazy\" decoding=\"async\" width=\"2363\" height=\"2362\" data-id=\"642\" src=\"https:\/\/stadtteilfabrik.de\/wp-content\/uploads\/2022\/02\/G4A9939-edited.jpg\" alt=\"\" class=\"wp-image-642\" srcset=\"https:\/\/stadtteilfabrik.de\/wp-content\/uploads\/2022\/02\/G4A9939-edited.jpg 2363w, https:\/\/stadtteilfabrik.de\/wp-content\/uploads\/2022\/02\/G4A9939-edited-300x300.jpg 300w, https:\/\/stadtteilfabrik.de\/wp-content\/uploads\/2022\/02\/G4A9939-edited-1024x1024.jpg 1024w, https:\/\/stadtteilfabrik.de\/wp-content\/uploads\/2022\/02\/G4A9939-edited-150x150.jpg 150w, https:\/\/stadtteilfabrik.de\/wp-content\/uploads\/2022\/02\/G4A9939-edited-768x768.jpg 768w, https:\/\/stadtteilfabrik.de\/wp-content\/uploads\/2022\/02\/G4A9939-edited-1536x1536.jpg 1536w, https:\/\/stadtteilfabrik.de\/wp-content\/uploads\/2022\/02\/G4A9939-edited-2048x2048.jpg 2048w\" sizes=\"auto, (max-width: 2363px) 100vw, 2363px\" \/><\/figure>\n<\/figure>\n<\/div>\n\n\n\n<div class=\"wp-block-column is-layout-flow wp-block-column-is-layout-flow\" style=\"flex-basis:50%\">\n<figure class=\"wp-block-image size-full\"><img loading=\"lazy\" decoding=\"async\" width=\"2363\" height=\"2357\" src=\"https:\/\/stadtteilfabrik.de\/wp-content\/uploads\/2022\/04\/G4A9965-edited.jpg\" alt=\"\" class=\"wp-image-939\" srcset=\"https:\/\/stadtteilfabrik.de\/wp-content\/uploads\/2022\/04\/G4A9965-edited.jpg 2363w, https:\/\/stadtteilfabrik.de\/wp-content\/uploads\/2022\/04\/G4A9965-edited-300x300.jpg 300w, https:\/\/stadtteilfabrik.de\/wp-content\/uploads\/2022\/04\/G4A9965-edited-1024x1021.jpg 1024w, https:\/\/stadtteilfabrik.de\/wp-content\/uploads\/2022\/04\/G4A9965-edited-150x150.jpg 150w, https:\/\/stadtteilfabrik.de\/wp-content\/uploads\/2022\/04\/G4A9965-edited-768x766.jpg 768w, https:\/\/stadtteilfabrik.de\/wp-content\/uploads\/2022\/04\/G4A9965-edited-1536x1532.jpg 1536w, https:\/\/stadtteilfabrik.de\/wp-content\/uploads\/2022\/04\/G4A9965-edited-2048x2043.jpg 2048w\" sizes=\"auto, (max-width: 2363px) 100vw, 2363px\" \/><\/figure>\n<\/div>\n<\/div>\n\n\n\n<p>Der ehemalige Musikladen stand mehrere Jahre lang leer. Leerst\u00e4nde sind in der n\u00f6rdlichen Innenstadt von Essen keine Seltenheit &#8211; trotz der N\u00e4he zur Einkaufsmeile am Limbecker Platz. Diese mit kreativen Ideen neu zu denken umzunutzen ist ein wesentlicher Faktor f\u00fcr eine nachhaltige Transformation.<\/p>\n\n\n\n<p class=\"has-text-align-center\"><strong><a href=\"https:\/\/stadtteilfabrik.de\/?page_id=61\">Zur\u00fcck<\/a><\/strong><\/p>\n","protected":false},"excerpt":{"rendered":"<p>Stadtteilfabrik Ladenlokal Wir sind davon \u00fcberzeugt, dass sich unser Konsumverhalten nachhaltig \u00e4ndern muss und wir neue, umweltfreundliche Produktions- und Produktformen brauchen. Am besten Mitten in der Stadt. Um zu untersuchen und zu zeigen, wie das am besten funktioniert, haben wir 2019 ein eigenes Ladenlokal in der Essener Innenstadt er\u00f6ffnet. Mit unserer POP UP Werkstatt in&hellip;&nbsp;<a href=\"https:\/\/stadtteilfabrik.de\/?page_id=499\" rel=\"bookmark\">Weiterlesen &raquo;<span class=\"screen-reader-text\"><\/span><\/a><\/p>\n","protected":false},"author":1,"featured_media":508,"parent":0,"menu_order":0,"comment_status":"closed","ping_status":"closed","template":"","meta":{"neve_meta_sidebar":"","neve_meta_container":"","neve_meta_enable_content_width":"","neve_meta_content_width":0,"neve_meta_title_alignment":"","neve_meta_author_avatar":"","neve_post_elements_order":"","neve_meta_disable_header":"","neve_meta_disable_footer":"","neve_meta_disable_title":"","footnotes":""},"class_list":["post-499","page","type-page","status-publish","has-post-thumbnail","hentry"],"_links":{"self":[{"href":"https:\/\/stadtteilfabrik.de\/index.php?rest_route=\/wp\/v2\/pages\/499","targetHints":{"allow":["GET"]}}],"collection":[{"href":"https:\/\/stadtteilfabrik.de\/index.php?rest_route=\/wp\/v2\/pages"}],"about":[{"href":"https:\/\/stadtteilfabrik.de\/index.php?rest_route=\/wp\/v2\/types\/page"}],"author":[{"embeddable":true,"href":"https:\/\/stadtteilfabrik.de\/index.php?rest_route=\/wp\/v2\/users\/1"}],"replies":[{"embeddable":true,"href":"https:\/\/stadtteilfabrik.de\/index.php?rest_route=%2Fwp%2Fv2%2Fcomments&post=499"}],"version-history":[{"count":14,"href":"https:\/\/stadtteilfabrik.de\/index.php?rest_route=\/wp\/v2\/pages\/499\/revisions"}],"predecessor-version":[{"id":996,"href":"https:\/\/stadtteilfabrik.de\/index.php?rest_route=\/wp\/v2\/pages\/499\/revisions\/996"}],"wp:featuredmedia":[{"embeddable":true,"href":"https:\/\/stadtteilfabrik.de\/index.php?rest_route=\/wp\/v2\/media\/508"}],"wp:attachment":[{"href":"https:\/\/stadtteilfabrik.de\/index.php?rest_route=%2Fwp%2Fv2%2Fmedia&parent=499"}],"curies":[{"name":"wp","href":"https:\/\/api.w.org\/{rel}","templated":true}]}}