{"id":497,"date":"2022-02-20T13:24:41","date_gmt":"2022-02-20T13:24:41","guid":{"rendered":"https:\/\/stadtteilfabrik.de\/?page_id=497"},"modified":"2022-05-02T10:02:28","modified_gmt":"2022-05-02T10:02:28","slug":"eltingmoebel","status":"publish","type":"page","link":"https:\/\/stadtteilfabrik.de\/?page_id=497","title":{"rendered":""},"content":{"rendered":"\n<div style=\"height:50px\" aria-hidden=\"true\" class=\"wp-block-spacer\"><\/div>\n\n\n\n<div class=\"wp-block-group\"><div class=\"wp-block-group__inner-container is-layout-flow wp-block-group-is-layout-flow\">\n<h2 class=\"wp-block-heading\">Eltingm\u00f6bel<\/h2>\n\n\n\n<p>\u00dcber das Residenzstipendium &#8222;Creative Lab&#8220; im Essener Eltingviertel haben wir 2015 als Reaktion auf das massive Sperrm\u00fcll Problem in der Nachbarschaft die Eltingm\u00f6bel entworfen. Sie sind beispielhaft daf\u00fcr, wie sich Rohstoffkreisl\u00e4ufe nachhaltiger und mit hoher Qualit\u00e4t gestalten lassen.<\/p>\n\n\n\n<div class=\"wp-block-columns are-vertically-aligned-center is-layout-flex wp-container-core-columns-is-layout-9d6595d7 wp-block-columns-is-layout-flex\">\n<div class=\"wp-block-column is-vertically-aligned-center is-layout-flow wp-block-column-is-layout-flow\" style=\"flex-basis:50%\">\n<figure class=\"wp-block-image size-large\"><img loading=\"lazy\" decoding=\"async\" width=\"1024\" height=\"1024\" src=\"https:\/\/stadtteilfabrik.de\/wp-content\/uploads\/2022\/02\/stadtteilfabrik-eltingmoebel-sperrmuell-1024x1024.png\" alt=\"\" class=\"wp-image-554\" srcset=\"https:\/\/stadtteilfabrik.de\/wp-content\/uploads\/2022\/02\/stadtteilfabrik-eltingmoebel-sperrmuell-1024x1024.png 1024w, https:\/\/stadtteilfabrik.de\/wp-content\/uploads\/2022\/02\/stadtteilfabrik-eltingmoebel-sperrmuell-300x300.png 300w, https:\/\/stadtteilfabrik.de\/wp-content\/uploads\/2022\/02\/stadtteilfabrik-eltingmoebel-sperrmuell-150x150.png 150w, https:\/\/stadtteilfabrik.de\/wp-content\/uploads\/2022\/02\/stadtteilfabrik-eltingmoebel-sperrmuell-768x768.png 768w, https:\/\/stadtteilfabrik.de\/wp-content\/uploads\/2022\/02\/stadtteilfabrik-eltingmoebel-sperrmuell.png 1200w\" sizes=\"auto, (max-width: 1024px) 100vw, 1024px\" \/><\/figure>\n<\/div>\n\n\n\n<div class=\"wp-block-column is-vertically-aligned-center is-layout-flow wp-block-column-is-layout-flow\" style=\"flex-basis:50%\">\n<figure class=\"wp-block-image size-large\"><img loading=\"lazy\" decoding=\"async\" width=\"1024\" height=\"1024\" src=\"https:\/\/stadtteilfabrik.de\/wp-content\/uploads\/2022\/02\/stadtteilfabrik-hocker-01-1024x1024.png\" alt=\"\" class=\"wp-image-591\" srcset=\"https:\/\/stadtteilfabrik.de\/wp-content\/uploads\/2022\/02\/stadtteilfabrik-hocker-01.png 1024w, https:\/\/stadtteilfabrik.de\/wp-content\/uploads\/2022\/02\/stadtteilfabrik-hocker-01-300x300.png 300w, https:\/\/stadtteilfabrik.de\/wp-content\/uploads\/2022\/02\/stadtteilfabrik-hocker-01-150x150.png 150w, https:\/\/stadtteilfabrik.de\/wp-content\/uploads\/2022\/02\/stadtteilfabrik-hocker-01-768x768.png 768w\" sizes=\"auto, (max-width: 1024px) 100vw, 1024px\" \/><\/figure>\n<\/div>\n<\/div>\n<\/div><\/div>\n\n\n\n<div class=\"wp-block-group\"><div class=\"wp-block-group__inner-container is-layout-flow wp-block-group-is-layout-flow\"><\/div><\/div>\n\n\n\n<p>Sperrm\u00fcll ist eine urbane Ressource die es verdient, nutzbar gemacht zu werden. Sie f\u00e4llt im Essener Eltingviertel besonders h\u00e4ufig an, da es hier eine hohe Fluktuation der Mieter gibt. Alte M\u00f6bel, vor allem Sitzm\u00f6bel, werden dem Sperrm\u00fcll h\u00e4ufig wieder entnommen, da sie einfach zu transportieren sind und schnell erkennbar ist, in welchem Zustand sie sich befinden. Was aber nicht wieder mitgenommen wird sind gro\u00dfe Holzplatten, beispielsweise von alten Schr\u00e4nken und Regalen. Deshalb haben wir diese Platten genutzt, um daraus neue Sitzm\u00f6belst\u00fccke zu fertigen.<\/p>\n\n\n\n<div class=\"wp-block-columns are-vertically-aligned-center is-layout-flex wp-container-core-columns-is-layout-9d6595d7 wp-block-columns-is-layout-flex\">\n<div class=\"wp-block-column is-vertically-aligned-center is-layout-flow wp-block-column-is-layout-flow\" style=\"flex-basis:50%\">\n<figure class=\"wp-block-image size-large\"><img loading=\"lazy\" decoding=\"async\" width=\"1024\" height=\"1024\" src=\"https:\/\/stadtteilfabrik.de\/wp-content\/uploads\/2022\/02\/stadtteilfabrik-eltinmoebel-1024x1024.png\" alt=\"\" class=\"wp-image-553\" srcset=\"https:\/\/stadtteilfabrik.de\/wp-content\/uploads\/2022\/02\/stadtteilfabrik-eltinmoebel-1024x1024.png 1024w, https:\/\/stadtteilfabrik.de\/wp-content\/uploads\/2022\/02\/stadtteilfabrik-eltinmoebel-300x300.png 300w, https:\/\/stadtteilfabrik.de\/wp-content\/uploads\/2022\/02\/stadtteilfabrik-eltinmoebel-150x150.png 150w, https:\/\/stadtteilfabrik.de\/wp-content\/uploads\/2022\/02\/stadtteilfabrik-eltinmoebel-768x768.png 768w, https:\/\/stadtteilfabrik.de\/wp-content\/uploads\/2022\/02\/stadtteilfabrik-eltinmoebel.png 1200w\" sizes=\"auto, (max-width: 1024px) 100vw, 1024px\" \/><\/figure>\n<\/div>\n\n\n\n<div class=\"wp-block-column is-vertically-aligned-center is-layout-flow wp-block-column-is-layout-flow\" style=\"flex-basis:50%\">\n<figure class=\"wp-block-image size-large\"><img loading=\"lazy\" decoding=\"async\" width=\"1024\" height=\"1024\" src=\"https:\/\/stadtteilfabrik.de\/wp-content\/uploads\/2022\/02\/stadtteilfabrik-hocker-02-1024x1024.png\" alt=\"\" class=\"wp-image-594\" srcset=\"https:\/\/stadtteilfabrik.de\/wp-content\/uploads\/2022\/02\/stadtteilfabrik-hocker-02.png 1024w, https:\/\/stadtteilfabrik.de\/wp-content\/uploads\/2022\/02\/stadtteilfabrik-hocker-02-300x300.png 300w, https:\/\/stadtteilfabrik.de\/wp-content\/uploads\/2022\/02\/stadtteilfabrik-hocker-02-150x150.png 150w, https:\/\/stadtteilfabrik.de\/wp-content\/uploads\/2022\/02\/stadtteilfabrik-hocker-02-768x768.png 768w\" sizes=\"auto, (max-width: 1024px) 100vw, 1024px\" \/><\/figure>\n<\/div>\n<\/div>\n\n\n\n<p>Der Griff an der Seite des Eltinghockers ist eine Hommage an alte Sitzm\u00f6bel die am Stra\u00dfenrand stehen und von den Anwohnern mitgenommen werden. Sollte ein Eltinghocker im Falle eines Umzuges aussortiert werden, vereinfacht es den Transport des M\u00f6belst\u00fcckes. Nat\u00fcrlich ist der Griff auch praktisch um das M\u00f6belst\u00fcck innerhalb der eigenen Wohnung neu zu platzieren.<\/p>\n\n\n\n<div class=\"wp-block-columns are-vertically-aligned-center is-layout-flex wp-container-core-columns-is-layout-9d6595d7 wp-block-columns-is-layout-flex\">\n<div class=\"wp-block-column is-vertically-aligned-center is-layout-flow wp-block-column-is-layout-flow\" style=\"flex-basis:50%\">\n<figure class=\"wp-block-image size-large\"><img loading=\"lazy\" decoding=\"async\" width=\"1024\" height=\"1024\" src=\"https:\/\/stadtteilfabrik.de\/wp-content\/uploads\/2022\/02\/eltingmoebel-hocker-weiss-sperrmuell-1024x1024.png\" alt=\"\" class=\"wp-image-595\" srcset=\"https:\/\/stadtteilfabrik.de\/wp-content\/uploads\/2022\/02\/eltingmoebel-hocker-weiss-sperrmuell-1024x1024.png 1024w, https:\/\/stadtteilfabrik.de\/wp-content\/uploads\/2022\/02\/eltingmoebel-hocker-weiss-sperrmuell-300x300.png 300w, https:\/\/stadtteilfabrik.de\/wp-content\/uploads\/2022\/02\/eltingmoebel-hocker-weiss-sperrmuell-150x150.png 150w, https:\/\/stadtteilfabrik.de\/wp-content\/uploads\/2022\/02\/eltingmoebel-hocker-weiss-sperrmuell-768x768.png 768w, https:\/\/stadtteilfabrik.de\/wp-content\/uploads\/2022\/02\/eltingmoebel-hocker-weiss-sperrmuell.png 1200w\" sizes=\"auto, (max-width: 1024px) 100vw, 1024px\" \/><\/figure>\n<\/div>\n\n\n\n<div class=\"wp-block-column is-vertically-aligned-center is-layout-flow wp-block-column-is-layout-flow\" style=\"flex-basis:50%\">\n<figure class=\"wp-block-image size-large\"><img loading=\"lazy\" decoding=\"async\" width=\"1024\" height=\"1024\" src=\"https:\/\/stadtteilfabrik.de\/wp-content\/uploads\/2022\/02\/eltinghocker-restholz-upcycling-moebel-1024x1024.png\" alt=\"\" class=\"wp-image-596\" srcset=\"https:\/\/stadtteilfabrik.de\/wp-content\/uploads\/2022\/02\/eltinghocker-restholz-upcycling-moebel-1024x1024.png 1024w, https:\/\/stadtteilfabrik.de\/wp-content\/uploads\/2022\/02\/eltinghocker-restholz-upcycling-moebel-300x300.png 300w, https:\/\/stadtteilfabrik.de\/wp-content\/uploads\/2022\/02\/eltinghocker-restholz-upcycling-moebel-150x150.png 150w, https:\/\/stadtteilfabrik.de\/wp-content\/uploads\/2022\/02\/eltinghocker-restholz-upcycling-moebel-768x768.png 768w, https:\/\/stadtteilfabrik.de\/wp-content\/uploads\/2022\/02\/eltinghocker-restholz-upcycling-moebel.png 1200w\" sizes=\"auto, (max-width: 1024px) 100vw, 1024px\" \/><\/figure>\n<\/div>\n<\/div>\n\n\n\n<p>Jeder Eltinghocker erz\u00e4hlt die Geschichte seiner fr\u00fcheren M\u00f6belst\u00fccke und ist ein Unikat. Durch das fr\u00fchere Leben seiner Vorfahren erh\u00e4lt er seine pr\u00e4gnante Patina. Im Gegensatz zu neu gekauften, schnelllebigen Mode-M\u00f6beln, z\u00e4hlt hier vor allem eines: Die lange Geschichte zwischen dem M\u00f6belst\u00fcck und seinem Nutzer. <\/p>\n\n\n\n<div class=\"wp-block-columns is-layout-flex wp-container-core-columns-is-layout-9d6595d7 wp-block-columns-is-layout-flex\">\n<div class=\"wp-block-column is-layout-flow wp-block-column-is-layout-flow\">\n<figure class=\"wp-block-gallery has-nested-images columns-default is-cropped wp-block-gallery-1 is-layout-flex wp-block-gallery-is-layout-flex\">\n<figure class=\"wp-block-image size-large\"><img loading=\"lazy\" decoding=\"async\" width=\"1202\" height=\"1202\" data-id=\"657\" src=\"https:\/\/stadtteilfabrik.de\/wp-content\/uploads\/2022\/02\/holz-hell-1-edited.png\" alt=\"\" class=\"wp-image-657\" srcset=\"https:\/\/stadtteilfabrik.de\/wp-content\/uploads\/2022\/02\/holz-hell-1-edited.png 1202w, https:\/\/stadtteilfabrik.de\/wp-content\/uploads\/2022\/02\/holz-hell-1-edited-300x300.png 300w, https:\/\/stadtteilfabrik.de\/wp-content\/uploads\/2022\/02\/holz-hell-1-edited-1024x1024.png 1024w, https:\/\/stadtteilfabrik.de\/wp-content\/uploads\/2022\/02\/holz-hell-1-edited-150x150.png 150w, https:\/\/stadtteilfabrik.de\/wp-content\/uploads\/2022\/02\/holz-hell-1-edited-768x768.png 768w\" sizes=\"auto, (max-width: 1202px) 100vw, 1202px\" \/><\/figure>\n<\/figure>\n<\/div>\n\n\n\n<div class=\"wp-block-column is-layout-flow wp-block-column-is-layout-flow\">\n<figure class=\"wp-block-gallery has-nested-images columns-default is-cropped wp-block-gallery-2 is-layout-flex wp-block-gallery-is-layout-flex\">\n<figure class=\"wp-block-image size-large\"><img loading=\"lazy\" decoding=\"async\" width=\"1202\" height=\"1202\" data-id=\"658\" src=\"https:\/\/stadtteilfabrik.de\/wp-content\/uploads\/2022\/02\/holz-hell-2-edited.png\" alt=\"\" class=\"wp-image-658\" srcset=\"https:\/\/stadtteilfabrik.de\/wp-content\/uploads\/2022\/02\/holz-hell-2-edited.png 1202w, https:\/\/stadtteilfabrik.de\/wp-content\/uploads\/2022\/02\/holz-hell-2-edited-300x300.png 300w, https:\/\/stadtteilfabrik.de\/wp-content\/uploads\/2022\/02\/holz-hell-2-edited-1024x1024.png 1024w, https:\/\/stadtteilfabrik.de\/wp-content\/uploads\/2022\/02\/holz-hell-2-edited-150x150.png 150w, https:\/\/stadtteilfabrik.de\/wp-content\/uploads\/2022\/02\/holz-hell-2-edited-768x768.png 768w\" sizes=\"auto, (max-width: 1202px) 100vw, 1202px\" \/><\/figure>\n<\/figure>\n<\/div>\n<\/div>\n\n\n\n<div class=\"wp-block-columns is-layout-flex wp-container-core-columns-is-layout-9d6595d7 wp-block-columns-is-layout-flex\">\n<div class=\"wp-block-column is-layout-flow wp-block-column-is-layout-flow\">\n<figure class=\"wp-block-gallery has-nested-images columns-default is-cropped wp-block-gallery-3 is-layout-flex wp-block-gallery-is-layout-flex\">\n<figure class=\"wp-block-image size-large\"><img loading=\"lazy\" decoding=\"async\" width=\"1202\" height=\"1202\" data-id=\"656\" src=\"https:\/\/stadtteilfabrik.de\/wp-content\/uploads\/2022\/02\/holz-dunkel-2-edited.png\" alt=\"\" class=\"wp-image-656\" srcset=\"https:\/\/stadtteilfabrik.de\/wp-content\/uploads\/2022\/02\/holz-dunkel-2-edited.png 1202w, https:\/\/stadtteilfabrik.de\/wp-content\/uploads\/2022\/02\/holz-dunkel-2-edited-300x300.png 300w, https:\/\/stadtteilfabrik.de\/wp-content\/uploads\/2022\/02\/holz-dunkel-2-edited-1024x1024.png 1024w, https:\/\/stadtteilfabrik.de\/wp-content\/uploads\/2022\/02\/holz-dunkel-2-edited-150x150.png 150w, https:\/\/stadtteilfabrik.de\/wp-content\/uploads\/2022\/02\/holz-dunkel-2-edited-768x768.png 768w\" sizes=\"auto, (max-width: 1202px) 100vw, 1202px\" \/><\/figure>\n<\/figure>\n<\/div>\n\n\n\n<div class=\"wp-block-column is-layout-flow wp-block-column-is-layout-flow\">\n<figure class=\"wp-block-gallery has-nested-images columns-default is-cropped wp-block-gallery-4 is-layout-flex wp-block-gallery-is-layout-flex\">\n<figure class=\"wp-block-image size-large\"><img loading=\"lazy\" decoding=\"async\" width=\"1202\" height=\"1202\" data-id=\"655\" src=\"https:\/\/stadtteilfabrik.de\/wp-content\/uploads\/2022\/02\/holz-dunkel-3-edited.png\" alt=\"\" class=\"wp-image-655\" srcset=\"https:\/\/stadtteilfabrik.de\/wp-content\/uploads\/2022\/02\/holz-dunkel-3-edited.png 1202w, https:\/\/stadtteilfabrik.de\/wp-content\/uploads\/2022\/02\/holz-dunkel-3-edited-300x300.png 300w, https:\/\/stadtteilfabrik.de\/wp-content\/uploads\/2022\/02\/holz-dunkel-3-edited-1024x1024.png 1024w, https:\/\/stadtteilfabrik.de\/wp-content\/uploads\/2022\/02\/holz-dunkel-3-edited-150x150.png 150w, https:\/\/stadtteilfabrik.de\/wp-content\/uploads\/2022\/02\/holz-dunkel-3-edited-768x768.png 768w\" sizes=\"auto, (max-width: 1202px) 100vw, 1202px\" \/><\/figure>\n<\/figure>\n<\/div>\n<\/div>\n\n\n\n<p>Das Ordnungsbrettchen ist der kleinere Begleiter des Eltinghockers. Er entstand durch die Idee, auch kleinere M\u00f6belteile nutzen zu k\u00f6nnen und gleichzeitig deren Verschnitt in der Weiterverarbeitung zu minimieren. So kann der Sperrm\u00fcll noch besser und nachhaltiger genutzt werden. Das Brettchen ist ein urban gefertigtes Unikat aus Restholz, bei dem altes Material aus der M\u00f6belproduktion vor der Entsorgung gerettet wird. Jedes Brettchen dieser Serie wird im Ruhrgebiet gefertigt und erz\u00e4hlt, wie das Sich-Freimachen von altem Ballast Platz f\u00fcr neue Ordnung im Leben schafft.<\/p>\n\n\n\n<div class=\"wp-block-columns is-layout-flex wp-container-core-columns-is-layout-9d6595d7 wp-block-columns-is-layout-flex\">\n<div class=\"wp-block-column is-layout-flow wp-block-column-is-layout-flow\">\n<figure class=\"wp-block-image size-large\"><img loading=\"lazy\" decoding=\"async\" width=\"2560\" height=\"2560\" src=\"https:\/\/stadtteilfabrik.de\/wp-content\/uploads\/2022\/04\/G4A8731-edited-scaled.jpg\" alt=\"\" class=\"wp-image-952\" srcset=\"https:\/\/stadtteilfabrik.de\/wp-content\/uploads\/2022\/04\/G4A8731-edited-scaled.jpg 2560w, https:\/\/stadtteilfabrik.de\/wp-content\/uploads\/2022\/04\/G4A8731-edited-300x300.jpg 300w, https:\/\/stadtteilfabrik.de\/wp-content\/uploads\/2022\/04\/G4A8731-edited-1024x1024.jpg 1024w, https:\/\/stadtteilfabrik.de\/wp-content\/uploads\/2022\/04\/G4A8731-edited-150x150.jpg 150w, https:\/\/stadtteilfabrik.de\/wp-content\/uploads\/2022\/04\/G4A8731-edited-768x768.jpg 768w, https:\/\/stadtteilfabrik.de\/wp-content\/uploads\/2022\/04\/G4A8731-edited-1536x1536.jpg 1536w, https:\/\/stadtteilfabrik.de\/wp-content\/uploads\/2022\/04\/G4A8731-edited-2048x2048.jpg 2048w\" sizes=\"auto, (max-width: 2560px) 100vw, 2560px\" \/><\/figure>\n<\/div>\n\n\n\n<div class=\"wp-block-column is-layout-flow wp-block-column-is-layout-flow\">\n<figure class=\"wp-block-image size-large\"><img loading=\"lazy\" decoding=\"async\" width=\"2550\" height=\"2551\" src=\"https:\/\/stadtteilfabrik.de\/wp-content\/uploads\/2022\/04\/G4A8739-edited.jpg\" alt=\"\" class=\"wp-image-950\" srcset=\"https:\/\/stadtteilfabrik.de\/wp-content\/uploads\/2022\/04\/G4A8739-edited.jpg 2550w, https:\/\/stadtteilfabrik.de\/wp-content\/uploads\/2022\/04\/G4A8739-edited-300x300.jpg 300w, https:\/\/stadtteilfabrik.de\/wp-content\/uploads\/2022\/04\/G4A8739-edited-1024x1024.jpg 1024w, https:\/\/stadtteilfabrik.de\/wp-content\/uploads\/2022\/04\/G4A8739-edited-150x150.jpg 150w, https:\/\/stadtteilfabrik.de\/wp-content\/uploads\/2022\/04\/G4A8739-edited-768x768.jpg 768w, https:\/\/stadtteilfabrik.de\/wp-content\/uploads\/2022\/04\/G4A8739-edited-1536x1536.jpg 1536w, https:\/\/stadtteilfabrik.de\/wp-content\/uploads\/2022\/04\/G4A8739-edited-2048x2048.jpg 2048w\" sizes=\"auto, (max-width: 2550px) 100vw, 2550px\" \/><\/figure>\n<\/div>\n<\/div>\n\n\n\n<div class=\"wp-block-columns is-layout-flex wp-container-core-columns-is-layout-9d6595d7 wp-block-columns-is-layout-flex\">\n<div class=\"wp-block-column is-layout-flow wp-block-column-is-layout-flow\">\n<figure class=\"wp-block-image size-large\"><img loading=\"lazy\" decoding=\"async\" width=\"1024\" height=\"1024\" src=\"https:\/\/stadtteilfabrik.de\/wp-content\/uploads\/2022\/04\/G4A8737-edited-1024x1024.jpg\" alt=\"\" class=\"wp-image-961\" srcset=\"https:\/\/stadtteilfabrik.de\/wp-content\/uploads\/2022\/04\/G4A8737-edited-1024x1024.jpg 1024w, https:\/\/stadtteilfabrik.de\/wp-content\/uploads\/2022\/04\/G4A8737-edited-300x300.jpg 300w, https:\/\/stadtteilfabrik.de\/wp-content\/uploads\/2022\/04\/G4A8737-edited-150x150.jpg 150w, https:\/\/stadtteilfabrik.de\/wp-content\/uploads\/2022\/04\/G4A8737-edited-768x768.jpg 768w, https:\/\/stadtteilfabrik.de\/wp-content\/uploads\/2022\/04\/G4A8737-edited-1536x1536.jpg 1536w, https:\/\/stadtteilfabrik.de\/wp-content\/uploads\/2022\/04\/G4A8737-edited-2048x2048.jpg 2048w\" sizes=\"auto, (max-width: 1024px) 100vw, 1024px\" \/><\/figure>\n<\/div>\n\n\n\n<div class=\"wp-block-column is-layout-flow wp-block-column-is-layout-flow\">\n<figure class=\"wp-block-image size-large\"><img loading=\"lazy\" decoding=\"async\" width=\"1024\" height=\"1024\" src=\"https:\/\/stadtteilfabrik.de\/wp-content\/uploads\/2022\/04\/G4A8730-edited-1024x1024.jpg\" alt=\"\" class=\"wp-image-958\" srcset=\"https:\/\/stadtteilfabrik.de\/wp-content\/uploads\/2022\/04\/G4A8730-edited-1024x1024.jpg 1024w, https:\/\/stadtteilfabrik.de\/wp-content\/uploads\/2022\/04\/G4A8730-edited-300x300.jpg 300w, https:\/\/stadtteilfabrik.de\/wp-content\/uploads\/2022\/04\/G4A8730-edited-150x150.jpg 150w, https:\/\/stadtteilfabrik.de\/wp-content\/uploads\/2022\/04\/G4A8730-edited-768x768.jpg 768w, https:\/\/stadtteilfabrik.de\/wp-content\/uploads\/2022\/04\/G4A8730-edited-1536x1536.jpg 1536w, https:\/\/stadtteilfabrik.de\/wp-content\/uploads\/2022\/04\/G4A8730-edited-2048x2048.jpg 2048w\" sizes=\"auto, (max-width: 1024px) 100vw, 1024px\" \/><\/figure>\n<\/div>\n<\/div>\n\n\n\n<p class=\"has-text-align-center\"><strong><a href=\"https:\/\/stadtteilfabrik.de\/?page_id=61\">Zur\u00fcck<\/a><\/strong><\/p>\n","protected":false},"excerpt":{"rendered":"<p>Eltingm\u00f6bel \u00dcber das Residenzstipendium &#8222;Creative Lab&#8220; im Essener Eltingviertel haben wir 2015 als Reaktion auf das massive Sperrm\u00fcll Problem in der Nachbarschaft die Eltingm\u00f6bel entworfen. Sie sind beispielhaft daf\u00fcr, wie sich Rohstoffkreisl\u00e4ufe nachhaltiger und mit hoher Qualit\u00e4t gestalten lassen. Sperrm\u00fcll ist eine urbane Ressource die es verdient, nutzbar gemacht zu werden. Sie f\u00e4llt im Essener&hellip;&nbsp;<a href=\"https:\/\/stadtteilfabrik.de\/?page_id=497\" rel=\"bookmark\">Weiterlesen &raquo;<span class=\"screen-reader-text\"><\/span><\/a><\/p>\n","protected":false},"author":1,"featured_media":0,"parent":0,"menu_order":0,"comment_status":"closed","ping_status":"closed","template":"","meta":{"neve_meta_sidebar":"","neve_meta_container":"","neve_meta_enable_content_width":"","neve_meta_content_width":0,"neve_meta_title_alignment":"","neve_meta_author_avatar":"","neve_post_elements_order":"","neve_meta_disable_header":"","neve_meta_disable_footer":"","neve_meta_disable_title":"","footnotes":""},"class_list":["post-497","page","type-page","status-publish","hentry"],"_links":{"self":[{"href":"https:\/\/stadtteilfabrik.de\/index.php?rest_route=\/wp\/v2\/pages\/497","targetHints":{"allow":["GET"]}}],"collection":[{"href":"https:\/\/stadtteilfabrik.de\/index.php?rest_route=\/wp\/v2\/pages"}],"about":[{"href":"https:\/\/stadtteilfabrik.de\/index.php?rest_route=\/wp\/v2\/types\/page"}],"author":[{"embeddable":true,"href":"https:\/\/stadtteilfabrik.de\/index.php?rest_route=\/wp\/v2\/users\/1"}],"replies":[{"embeddable":true,"href":"https:\/\/stadtteilfabrik.de\/index.php?rest_route=%2Fwp%2Fv2%2Fcomments&post=497"}],"version-history":[{"count":15,"href":"https:\/\/stadtteilfabrik.de\/index.php?rest_route=\/wp\/v2\/pages\/497\/revisions"}],"predecessor-version":[{"id":997,"href":"https:\/\/stadtteilfabrik.de\/index.php?rest_route=\/wp\/v2\/pages\/497\/revisions\/997"}],"wp:attachment":[{"href":"https:\/\/stadtteilfabrik.de\/index.php?rest_route=%2Fwp%2Fv2%2Fmedia&parent=497"}],"curies":[{"name":"wp","href":"https:\/\/api.w.org\/{rel}","templated":true}]}}