{"id":495,"date":"2022-02-20T13:23:55","date_gmt":"2022-02-20T13:23:55","guid":{"rendered":"https:\/\/stadtteilfabrik.de\/?page_id=495"},"modified":"2022-05-02T10:03:52","modified_gmt":"2022-05-02T10:03:52","slug":"100-jahre-bauhaus","status":"publish","type":"page","link":"https:\/\/stadtteilfabrik.de\/?page_id=495","title":{"rendered":""},"content":{"rendered":"\n<div class=\"wp-block-group\"><div class=\"wp-block-group__inner-container is-layout-flow wp-block-group-is-layout-flow\">\n<div style=\"height:50px\" aria-hidden=\"true\" class=\"wp-block-spacer\"><\/div>\n\n\n\n<h2 class=\"has-neve-text-color-color has-text-color wp-block-heading\" id=\"100-jahre-bauhaus\">Bauhaus-Workshop in Cluj-Napoca<\/h2>\n\n\n\n<div class=\"wp-block-columns are-vertically-aligned-center is-layout-flex wp-container-core-columns-is-layout-9d6595d7 wp-block-columns-is-layout-flex\">\n<div class=\"wp-block-column is-vertically-aligned-center is-layout-flow wp-block-column-is-layout-flow\" style=\"flex-basis:50%\">\n<figure class=\"wp-block-image size-large\"><img loading=\"lazy\" decoding=\"async\" width=\"1024\" height=\"1024\" src=\"https:\/\/stadtteilfabrik.de\/wp-content\/uploads\/2022\/02\/stadtteilfabrik-cluj-napoca-design-bauhaus-1024x1024.png\" alt=\"\" class=\"wp-image-556\" srcset=\"https:\/\/stadtteilfabrik.de\/wp-content\/uploads\/2022\/02\/stadtteilfabrik-cluj-napoca-design-bauhaus-1024x1024.png 1024w, https:\/\/stadtteilfabrik.de\/wp-content\/uploads\/2022\/02\/stadtteilfabrik-cluj-napoca-design-bauhaus-300x300.png 300w, https:\/\/stadtteilfabrik.de\/wp-content\/uploads\/2022\/02\/stadtteilfabrik-cluj-napoca-design-bauhaus-150x150.png 150w, https:\/\/stadtteilfabrik.de\/wp-content\/uploads\/2022\/02\/stadtteilfabrik-cluj-napoca-design-bauhaus-768x768.png 768w, https:\/\/stadtteilfabrik.de\/wp-content\/uploads\/2022\/02\/stadtteilfabrik-cluj-napoca-design-bauhaus.png 1200w\" sizes=\"auto, (max-width: 1024px) 100vw, 1024px\" \/><\/figure>\n<\/div>\n\n\n\n<div class=\"wp-block-column is-vertically-aligned-center is-layout-flow wp-block-column-is-layout-flow\" style=\"flex-basis:50%\">\n<figure class=\"wp-block-image size-large\"><img loading=\"lazy\" decoding=\"async\" width=\"1024\" height=\"1024\" src=\"https:\/\/stadtteilfabrik.de\/wp-content\/uploads\/2022\/02\/stadtteilfabrik-goethe-zentrum-cluj-1024x1024.png\" alt=\"\" class=\"wp-image-557\" srcset=\"https:\/\/stadtteilfabrik.de\/wp-content\/uploads\/2022\/02\/stadtteilfabrik-goethe-zentrum-cluj-1024x1024.png 1024w, https:\/\/stadtteilfabrik.de\/wp-content\/uploads\/2022\/02\/stadtteilfabrik-goethe-zentrum-cluj-300x300.png 300w, https:\/\/stadtteilfabrik.de\/wp-content\/uploads\/2022\/02\/stadtteilfabrik-goethe-zentrum-cluj-150x150.png 150w, https:\/\/stadtteilfabrik.de\/wp-content\/uploads\/2022\/02\/stadtteilfabrik-goethe-zentrum-cluj-768x768.png 768w, https:\/\/stadtteilfabrik.de\/wp-content\/uploads\/2022\/02\/stadtteilfabrik-goethe-zentrum-cluj.png 1200w\" sizes=\"auto, (max-width: 1024px) 100vw, 1024px\" \/><\/figure>\n<\/div>\n<\/div>\n<\/div><\/div>\n\n\n\n<div class=\"wp-block-group\"><div class=\"wp-block-group__inner-container is-layout-flow wp-block-group-is-layout-flow\">\n<p>Zusammen mit dem Goethe Institut veranstalteten wir 2019 einen Workshop in Cluj-Napoca, Rum\u00e4nien. Dabei ging es darum, mithilfe der gestalterischen Methoden des Bauhauses M\u00f6bel zu entwerfen und modellhaft umzusetzen. Bis heute hat des gestalterische Konzept des Bauhauses Einfluss darauf, wie Geb\u00e4ude und Produkte entworfen und erstellt werden. <\/p>\n\n\n\n<div style=\"height:20px\" aria-hidden=\"true\" class=\"wp-block-spacer\"><\/div>\n<\/div><\/div>\n\n\n\n<div class=\"wp-block-columns are-vertically-aligned-center is-layout-flex wp-container-core-columns-is-layout-9d6595d7 wp-block-columns-is-layout-flex\">\n<div class=\"wp-block-column is-vertically-aligned-center is-layout-flow wp-block-column-is-layout-flow\" style=\"flex-basis:50%\">\n<figure class=\"wp-block-image size-large\"><img loading=\"lazy\" decoding=\"async\" width=\"1024\" height=\"1024\" src=\"https:\/\/stadtteilfabrik.de\/wp-content\/uploads\/2022\/02\/stadtteilfabrik-bauhaus-goethe-institut-1024x1024.png\" alt=\"\" class=\"wp-image-559\" srcset=\"https:\/\/stadtteilfabrik.de\/wp-content\/uploads\/2022\/02\/stadtteilfabrik-bauhaus-goethe-institut-1024x1024.png 1024w, https:\/\/stadtteilfabrik.de\/wp-content\/uploads\/2022\/02\/stadtteilfabrik-bauhaus-goethe-institut-300x300.png 300w, https:\/\/stadtteilfabrik.de\/wp-content\/uploads\/2022\/02\/stadtteilfabrik-bauhaus-goethe-institut-150x150.png 150w, https:\/\/stadtteilfabrik.de\/wp-content\/uploads\/2022\/02\/stadtteilfabrik-bauhaus-goethe-institut-768x768.png 768w, https:\/\/stadtteilfabrik.de\/wp-content\/uploads\/2022\/02\/stadtteilfabrik-bauhaus-goethe-institut.png 1200w\" sizes=\"auto, (max-width: 1024px) 100vw, 1024px\" \/><\/figure>\n<\/div>\n\n\n\n<div class=\"wp-block-column is-vertically-aligned-center is-layout-flow wp-block-column-is-layout-flow\" style=\"flex-basis:50%\">\n<figure class=\"wp-block-image size-large\"><img loading=\"lazy\" decoding=\"async\" width=\"1024\" height=\"1024\" src=\"https:\/\/stadtteilfabrik.de\/wp-content\/uploads\/2022\/02\/stadtteilfabrik-bauhaus-design-workshop-1024x1024.png\" alt=\"\" class=\"wp-image-560\" srcset=\"https:\/\/stadtteilfabrik.de\/wp-content\/uploads\/2022\/02\/stadtteilfabrik-bauhaus-design-workshop-1024x1024.png 1024w, https:\/\/stadtteilfabrik.de\/wp-content\/uploads\/2022\/02\/stadtteilfabrik-bauhaus-design-workshop-300x300.png 300w, https:\/\/stadtteilfabrik.de\/wp-content\/uploads\/2022\/02\/stadtteilfabrik-bauhaus-design-workshop-150x150.png 150w, https:\/\/stadtteilfabrik.de\/wp-content\/uploads\/2022\/02\/stadtteilfabrik-bauhaus-design-workshop-768x768.png 768w, https:\/\/stadtteilfabrik.de\/wp-content\/uploads\/2022\/02\/stadtteilfabrik-bauhaus-design-workshop.png 1200w\" sizes=\"auto, (max-width: 1024px) 100vw, 1024px\" \/><\/figure>\n<\/div>\n<\/div>\n\n\n\n<div class=\"wp-block-group\"><div class=\"wp-block-group__inner-container is-layout-flow wp-block-group-is-layout-flow\">\n<p>Wie auch im Bauhaus verwendeten wir im Workshop vor allem vorgefertigte, industrielle Materialien als Gestaltungsbasis der Entw\u00fcrfe. Der gesamte Workshop war in einen theoretischen Input-Vortrag, das Entwerfen und Bauen von M\u00f6bel-Modellen und eine abschlie\u00dfende Diskussionsrunde \u00fcber die eigenen gemachten Erfahrungen w\u00e4hrend der Arbeitsphase unterteilt.<\/p>\n\n\n\n<div style=\"height:20px\" aria-hidden=\"true\" class=\"wp-block-spacer\"><\/div>\n<\/div><\/div>\n\n\n\n<p class=\"has-text-align-center\"><strong><a href=\"https:\/\/stadtteilfabrik.de\/?page_id=61\">Zur\u00fcck<\/a><\/strong><\/p>\n","protected":false},"excerpt":{"rendered":"<p>Bauhaus-Workshop in Cluj-Napoca Zusammen mit dem Goethe Institut veranstalteten wir 2019 einen Workshop in Cluj-Napoca, Rum\u00e4nien. Dabei ging es darum, mithilfe der gestalterischen Methoden des Bauhauses M\u00f6bel zu entwerfen und modellhaft umzusetzen. Bis heute hat des gestalterische Konzept des Bauhauses Einfluss darauf, wie Geb\u00e4ude und Produkte entworfen und erstellt werden. Wie auch im Bauhaus verwendeten&hellip;&nbsp;<a href=\"https:\/\/stadtteilfabrik.de\/?page_id=495\" rel=\"bookmark\">Weiterlesen &raquo;<span class=\"screen-reader-text\"><\/span><\/a><\/p>\n","protected":false},"author":1,"featured_media":0,"parent":0,"menu_order":0,"comment_status":"closed","ping_status":"closed","template":"","meta":{"neve_meta_sidebar":"","neve_meta_container":"","neve_meta_enable_content_width":"","neve_meta_content_width":0,"neve_meta_title_alignment":"","neve_meta_author_avatar":"","neve_post_elements_order":"","neve_meta_disable_header":"","neve_meta_disable_footer":"","neve_meta_disable_title":"","footnotes":""},"class_list":["post-495","page","type-page","status-publish","hentry"],"_links":{"self":[{"href":"https:\/\/stadtteilfabrik.de\/index.php?rest_route=\/wp\/v2\/pages\/495","targetHints":{"allow":["GET"]}}],"collection":[{"href":"https:\/\/stadtteilfabrik.de\/index.php?rest_route=\/wp\/v2\/pages"}],"about":[{"href":"https:\/\/stadtteilfabrik.de\/index.php?rest_route=\/wp\/v2\/types\/page"}],"author":[{"embeddable":true,"href":"https:\/\/stadtteilfabrik.de\/index.php?rest_route=\/wp\/v2\/users\/1"}],"replies":[{"embeddable":true,"href":"https:\/\/stadtteilfabrik.de\/index.php?rest_route=%2Fwp%2Fv2%2Fcomments&post=495"}],"version-history":[{"count":9,"href":"https:\/\/stadtteilfabrik.de\/index.php?rest_route=\/wp\/v2\/pages\/495\/revisions"}],"predecessor-version":[{"id":999,"href":"https:\/\/stadtteilfabrik.de\/index.php?rest_route=\/wp\/v2\/pages\/495\/revisions\/999"}],"wp:attachment":[{"href":"https:\/\/stadtteilfabrik.de\/index.php?rest_route=%2Fwp%2Fv2%2Fmedia&parent=495"}],"curies":[{"name":"wp","href":"https:\/\/api.w.org\/{rel}","templated":true}]}}